{"id":15521,"date":"2016-11-18T15:48:16","date_gmt":"2016-11-18T15:48:16","guid":{"rendered":"http:\/\/dev.fundarte.gabacon.com\/?page_id=15521&#038;lang=es"},"modified":"2016-12-03T19:05:26","modified_gmt":"2016-12-03T19:05:26","slug":"mission","status":"publish","type":"page","link":"https:\/\/fundarte.us\/es\/mission\/","title":{"rendered":"Misi\u00f3n"},"content":{"rendered":"<div class=\"wpb-content-wrapper\"><p>[vc_row row_type=\u00bbrow\u00bb use_row_as_full_screen_section=\u00bbno\u00bb type=\u00bbfull_width\u00bb angled_section=\u00bbno\u00bb text_align=\u00bbleft\u00bb background_image_as_pattern=\u00bbwithout_pattern\u00bb css_animation=\u00bb\u00bb][vc_column][vc_column_text]<\/p>\n<h1 style=\"text-align: center;\">Misi\u00f3n<\/h1>\n<p>[\/vc_column_text][vc_separator type=\u00bbtransparent\u00bb][vc_column_text]<\/p>\n<h2>FUNDarte, Inc.<\/h2>\n<p>FUNDarte es una organizaci\u00f3n multidisciplinar sin fines de lucro dedicada a la producci\u00f3n, presentaci\u00f3n y promoci\u00f3n de m\u00fasica, teatro, danza, cine y artes visuales que hablan a las diversas culturas de Miami con \u00e9nfasis en las artes y la cultura hispana. FUNDarte trabaja especialmente para nutrir artistas emergentes y aquellos con poca o ninguna exposici\u00f3n al p\u00fablico del Sur de la Florida; Facilitar intercambios interculturales e internacionales; Y proporcionar a las audiencias locales ya los artistas oportunidades educativas que ampl\u00eden sus perspectivas creativas, cr\u00edticas y sociales.[\/vc_column_text][vc_separator type=\u00bbtransparent\u00bb][vc_column_text]<\/p>\n<h2>Nuestra misi\u00f3n<\/h2>\n<p>FUNDarte es una organizaci\u00f3n sin fines de lucro dedicada a la presentaci\u00f3n, producci\u00f3n y promoci\u00f3n de m\u00fasica, teatro, danza, cine, artes visuales, artes literarias y eventos especiales, celebrando los movimientos art\u00edsticos y culturales latinos \/ latinos contempor\u00e1neos. Artistas en los Estados Unidos de Am\u00e9rica que son representativos de los diversos lugares y culturas de la Tierra.<\/p>\n<p>En concreto, FUNDarte:<\/p>\n<p>(1) crear y desarrollar un espacio seguro para alimentar a artistas prometedores a trav\u00e9s de temporadas de artes esc\u00e9nicas;<\/p>\n<p>(2) facilitar intercambios interculturales e internacionales;<\/p>\n<p>(3) desarrollar audiencias con la capacidad de pensar cr\u00edticamente y reflexionar; y<\/p>\n<p>(4) construir puentes entre obras de arte innovadoras y en movimiento y diversos segmentos de nuestra comunidad.[\/vc_column_text][vc_separator type=\u00bbtransparent\u00bb][vc_column_text]<\/p>\n<h2>Nuestra visi\u00f3n<\/h2>\n<p>La visi\u00f3n de FUNDarte es conducir a nuestra comunidad a aprovechar el poder innato del arte y la cultura para moldear a Estados Unidos en un modelo de cambio social positivo y sostenibilidad a largo plazo a trav\u00e9s de las Artes.[\/vc_column_text][vc_separator type=\u00bbtransparent\u00bb][vc_column_text]<\/p>\n<h2>Nuestra Meta<\/h2>\n<p>Presentamos, producimos y promovemos utilizando criterios predeterminados como lo define nuestro \u00abConsejo de Administraci\u00f3n\u00bb, con \u00e9nfasis en artistas estadounidenses, latinoamericanos, caribe\u00f1os, cubanos y espa\u00f1oles.<\/p>\n<p>Presentaci\u00f3n: FUNDarte presentar\u00e1 las producciones art\u00edsticas locales, nacionales y globales m\u00e1s destacadas.<\/p>\n<p>Producci\u00f3n: FUNDarte garantizar\u00e1 los recursos necesarios, incluyendo talento, necesidades de producci\u00f3n, financiamiento e infraestructura profesional para producir \u00abEstado del Arte\u00bb Conciertos, Juegos, Actuaciones, Pel\u00edculas, Exposiciones, Festivales y Eventos Especiales. Los artistas pueden presentar proyectos a FUNDarte para su consideraci\u00f3n.<\/p>\n<p>Promoci\u00f3n: FUNDarte promover\u00e1 artistas emergentes selectos, prometedores, eventos y proyectos que reflejen nuestra misi\u00f3n en su expresi\u00f3n art\u00edstica.[\/vc_column_text][vc_separator type=\u00bbtransparent\u00bb][\/vc_column][\/vc_row]<\/p>\n<\/div>","protected":false},"excerpt":{"rendered":"<p>[vc_row row_type=\u00bbrow\u00bb use_row_as_full_screen_section=\u00bbno\u00bb type=\u00bbfull_width\u00bb angled_section=\u00bbno\u00bb text_align=\u00bbleft\u00bb background_image_as_pattern=\u00bbwithout_pattern\u00bb css_animation=\u00bb\u00bb][vc_column][vc_column_text] Misi\u00f3n [\/vc_column_text][vc_separator type=\u00bbtransparent\u00bb][vc_column_text] FUNDarte, Inc. FUNDarte es una organizaci\u00f3n multidisciplinar sin fines de lucro dedicada a la producci\u00f3n, presentaci\u00f3n y promoci\u00f3n de m\u00fasica, teatro, danza, cine y artes visuales que hablan a las diversas culturas de Miami&#8230;<\/p>\n","protected":false},"author":1,"featured_media":0,"parent":0,"menu_order":181,"comment_status":"closed","ping_status":"closed","template":"","meta":{"footnotes":""},"categories":[],"class_list":["post-15521","page","type-page","status-publish","hentry"],"_links":{"self":[{"href":"https:\/\/fundarte.us\/es\/wp-json\/wp\/v2\/pages\/15521","targetHints":{"allow":["GET"]}}],"collection":[{"href":"https:\/\/fundarte.us\/es\/wp-json\/wp\/v2\/pages"}],"about":[{"href":"https:\/\/fundarte.us\/es\/wp-json\/wp\/v2\/types\/page"}],"author":[{"embeddable":true,"href":"https:\/\/fundarte.us\/es\/wp-json\/wp\/v2\/users\/1"}],"replies":[{"embeddable":true,"href":"https:\/\/fundarte.us\/es\/wp-json\/wp\/v2\/comments?post=15521"}],"version-history":[{"count":7,"href":"https:\/\/fundarte.us\/es\/wp-json\/wp\/v2\/pages\/15521\/revisions"}],"predecessor-version":[{"id":16371,"href":"https:\/\/fundarte.us\/es\/wp-json\/wp\/v2\/pages\/15521\/revisions\/16371"}],"wp:attachment":[{"href":"https:\/\/fundarte.us\/es\/wp-json\/wp\/v2\/media?parent=15521"}],"wp:term":[{"taxonomy":"category","embeddable":true,"href":"https:\/\/fundarte.us\/es\/wp-json\/wp\/v2\/categories?post=15521"}],"curies":[{"name":"wp","href":"https:\/\/api.w.org\/{rel}","templated":true}]}}