{"id":15535,"date":"2016-11-18T15:55:39","date_gmt":"2016-11-18T15:55:39","guid":{"rendered":"http:\/\/dev.fundarte.gabacon.com\/?page_id=15535&#038;lang=es"},"modified":"2016-12-03T19:06:02","modified_gmt":"2016-12-03T19:06:02","slug":"services","status":"publish","type":"page","link":"https:\/\/fundarte.us\/es\/services\/","title":{"rendered":"Servicios"},"content":{"rendered":"<div class=\"wpb-content-wrapper\"><p>[vc_row row_type=\u00bbrow\u00bb use_row_as_full_screen_section=\u00bbno\u00bb type=\u00bbfull_width\u00bb angled_section=\u00bbno\u00bb text_align=\u00bbleft\u00bb background_image_as_pattern=\u00bbwithout_pattern\u00bb css_animation=\u00bb\u00bb][vc_column][vc_column_text]<\/p>\n<h1 style=\"text-align: center;\">Servicios<\/h1>\n<p>[\/vc_column_text][vc_separator type=\u00bbtransparent\u00bb][vc_column_text]<\/p>\n<header class=\"entry-header\">\n<h2>FUNDarte Servicios para las Artes<\/h2>\n<p>Adem\u00e1s de la temporada regular de FUNDarte, estamos preparados para colaborar con otras organizaciones art\u00edsticas, instituciones y artistas individuales compartiendo nuestra infraestructura y recursos ayudando as\u00ed al \u00e9xito de su esfuerzo art\u00edstico. Este aspecto de FUNDarte es una extensi\u00f3n de nuestra misi\u00f3n de celebrar y despertar la conciencia de formas art\u00edsticas emergentes, movimientos sociales, ideas y artistas. El objetivo de desarrollar el p\u00fablico del Sur de la Florida y construir un puente entre el p\u00fablico y las artes s\u00f3lo puede beneficiarse de este tipo de colaboraci\u00f3n. Al asociarse con FUNDarte, otras entidades art\u00edsticas pueden aprovechar al m\u00e1ximo nuestro historial, reputaci\u00f3n, relaciones y recursos, llevando el proyecto art\u00edstico a un mayor nivel de atenci\u00f3n de los medios, valor de la producci\u00f3n y desarrollo del p\u00fablico.<\/p>\n<p>FUNDarte ha colaborado como co-presentador y \/ o co-promotor de organizaciones como: Cultura del Lobo del Departamento de Cultura de la Universidad de Miami Dade; Divisi\u00f3n de Asuntos Culturales de Miami Beach &#8211; Artes en los Parques; Miami Beach Dance Festival &#8211; Momentum Dance Company, Centro Cultural Espa\u00f1o, Miami Light Project, entre otros.<\/p>\n<\/header>\n<p>[\/vc_column_text][vc_separator type=\u00bbtransparent\u00bb][vc_column_text]<\/p>\n<header class=\"entry-header\">\n<h2>Co-PRESENTING con FUNDarte<\/h2>\n<p>FUNDarte ofrece servicios de apoyo profesional en el Condado de Miami Dade para la M\u00fasica, el Teatro, la Danza, el Cine, las Artes Visuales y Eventos Especiales para organizaciones y artistas individuales que tienen el producto, pero necesitan ayuda para comunicarlo al p\u00fablico. FUNDarte puede apoyar cualquier tipo de producci\u00f3n art\u00edstica a trav\u00e9s de:<\/p>\n<p>\u00b7 Lugar de Escultismo y Negociaci\u00f3n<br \/>\n\u00b7 Enlace de preproducci\u00f3n<br \/>\n\u00b7 Apoyo a Casting (talento, bailarines, m\u00fasicos &#8230;)<br \/>\n\u00b7 Gesti\u00f3n completa de la producci\u00f3n<br \/>\n\u00b7 Coordinaci\u00f3n de Alojamiento y Transporte<br \/>\n\u00b7 Log\u00edstica Avanzada<\/p>\n<p>\u2026y m\u00e1s<\/p>\n<\/header>\n<p>[\/vc_column_text][vc_separator type=\u00bbtransparent\u00bb][vc_column_text]<\/p>\n<header class=\"entry-header\">\n<h2>CO-PRODUCING con FUNDarte<\/h2>\n<p>Las producciones de FUNDarte han sido aclamadas por la cr\u00edtica y han alcanzado un valor sin precedentes en la comunidad sin fines de lucro de Miami. Tenemos a nuestra disposici\u00f3n los mejores vendedores de sonido, iluminaci\u00f3n, dise\u00f1o y efectos especiales en el mercado y establecemos relaciones con lugares que encajan entre 100 y 2.500 personas. Como coproductor, FUNDarte puede ofrecer sopa a producci\u00f3n de nueces y servicios de gesti\u00f3n de producci\u00f3n para:<\/p>\n<p>\u00b7 M\u00fasica (Conciertos y Tours)<br \/>\n\u00b7 Teatro<br \/>\n\u00b7 Baile<br \/>\nPel\u00edcula \/ Video<br \/>\n\u00b7 Artes visuales<br \/>\n\u00b7 Eventos especiales<\/p>\n<p>Con nuestra amplia experiencia colectiva, contamos con la infraestructura, los recursos, la habilidad y el talento para producir un evento de \u00faltima generaci\u00f3n, con acceso a los mejores lugares, sonido, iluminaci\u00f3n, escenificaci\u00f3n y dise\u00f1o de los vendedores en el mercado y la capacidad de Reunir todo para producir un evento perfecto y sin par.<\/p>\n<\/header>\n<p>[\/vc_column_text][vc_separator type=\u00bbtransparent\u00bb][vc_column_text]<\/p>\n<header class=\"entry-header\">\n<h2>PROMOCI\u00d3N a trav\u00e9s de FUNDarte<\/h2>\n<p>FUNDarte debe gran parte de su \u00e9xito a las extraordinarias habilidades de marketing y relaciones con los medios que la organizaci\u00f3n posee individual y colectivamente. El personal de FUNDarte tiene la experiencia para dise\u00f1ar y dirigir una estrategia de marketing y promoci\u00f3n para dar a conocer cualquier nivel de producci\u00f3n en M\u00fasica, Teatro, Danza, Cine y Artes Visuales.<br \/>\nFUNDarte ha vendido exitosamente o casi vendido de 100 a 2.500 asientos con \u00e9xito repetido, vendiendo un total de m\u00e1s de 35,000 boletos en sus primeras ocho temporadas y logrando una cobertura editorial de millones de d\u00f3lares. Utilizando nuestras habilidades y recursos para apoyar su evento o producci\u00f3n, FUNDarte puede:<\/p>\n<p>\u00b7 Dise\u00f1ar una Estrategia de Relaciones con los Medios de Comunicaci\u00f3n que identifique todos los medios de comunicaci\u00f3n en ingl\u00e9s y espa\u00f1ol apropiados para imprimir, televisi\u00f3n, radio y medios electr\u00f3nicos que lleguen a su p\u00fablico objetivo<br \/>\n\u00b7 Dise\u00f1o y Medios de compra de horarios en los medios de comunicaci\u00f3n objetivo, la negaci\u00f3n de las tasas y el aprovechamiento sin fines de lucro.<br \/>\n\u00b7 Dise\u00f1ar una Estrategia de Guerrilla \/ Promoci\u00f3n Urbana que llegue a los segmentos estudiantil, art\u00edstico y subterr\u00e1neo no accesible a trav\u00e9s de los medios tradicionales<br \/>\n\u00b7 Coordinar el dise\u00f1o, la producci\u00f3n y la impresi\u00f3n de todo el material de marketing<br \/>\n\u00b7 Escribir y \/ o traducir comunicados de prensa, alertas de medios y copias publicitarias y promocionales (ingl\u00e9s y espa\u00f1ol)<br \/>\n\u00b7 Servicio a todos los medios de comunicaci\u00f3n y llevar a cabo el lanzamiento y el seguimiento<br \/>\n\u00b7 Coordinar la cobertura editorial, apariciones en vivo y grabadas en TV y radio<br \/>\n\u00b7 Explosi\u00f3n electr\u00f3nica a m\u00e1s de 25.000 fieles miembros de FUNDarte que asisten a nuestras actuaciones<br \/>\n\u00b7 Apalancar las relaciones con otra organizaci\u00f3n de arte sin fines de lucro por 30.000 direcciones adicionales de e-blast.<\/p>\n<\/header>\n<p>[\/vc_column_text][vc_separator type=\u00bbtransparent\u00bb][vc_column_text]<\/p>\n<header class=\"entry-header\">\n<p class=\"entry-title\">En nuestras primeras cuatro temporadas, FUNDarte ha recibido consistentemente un extenso apoyo editorial de: The Miami Herald, El Nuevo Herald, The Miami New Times, Diario Las Am\u00e9ricas, The South FL Sun-Sentinel, Univision \/ Ch. 23, Telemundo \/ Ch.51, Mega TV \/ Ch. 22, AmericaTeVe \/ Ch. 41, Plum TV, WSVN (Fox), Radio SBS, Radio Univision, Radio Comunitaria WDNA, Radio Caracol, La Poderosa, LaMusica.com, Myspace Latino, FABRIKA.com, por nombrar algunos. Adem\u00e1s, nuestro personal tiene el fondo comercial y art\u00edstico, y premios para demostrarlo, para supervisar con \u00e9xito elementos gr\u00e1ficos, de audio y dise\u00f1o visual para el \u00e9xito de cualquier campa\u00f1a.<\/p>\n<\/header>\n<p>[\/vc_column_text][vc_separator type=\u00bbtransparent\u00bb][\/vc_column][\/vc_row]<\/p>\n<\/div>","protected":false},"excerpt":{"rendered":"<p>[vc_row row_type=\u00bbrow\u00bb use_row_as_full_screen_section=\u00bbno\u00bb type=\u00bbfull_width\u00bb angled_section=\u00bbno\u00bb text_align=\u00bbleft\u00bb background_image_as_pattern=\u00bbwithout_pattern\u00bb css_animation=\u00bb\u00bb][vc_column][vc_column_text] Servicios [\/vc_column_text][vc_separator type=\u00bbtransparent\u00bb][vc_column_text] FUNDarte Servicios para las Artes Adem\u00e1s de la temporada regular de FUNDarte, estamos preparados para colaborar con otras organizaciones art\u00edsticas, instituciones y artistas individuales compartiendo nuestra infraestructura y recursos ayudando as\u00ed al \u00e9xito de&#8230;<\/p>\n","protected":false},"author":1,"featured_media":0,"parent":0,"menu_order":179,"comment_status":"closed","ping_status":"closed","template":"","meta":{"footnotes":""},"categories":[],"class_list":["post-15535","page","type-page","status-publish","hentry"],"_links":{"self":[{"href":"https:\/\/fundarte.us\/es\/wp-json\/wp\/v2\/pages\/15535","targetHints":{"allow":["GET"]}}],"collection":[{"href":"https:\/\/fundarte.us\/es\/wp-json\/wp\/v2\/pages"}],"about":[{"href":"https:\/\/fundarte.us\/es\/wp-json\/wp\/v2\/types\/page"}],"author":[{"embeddable":true,"href":"https:\/\/fundarte.us\/es\/wp-json\/wp\/v2\/users\/1"}],"replies":[{"embeddable":true,"href":"https:\/\/fundarte.us\/es\/wp-json\/wp\/v2\/comments?post=15535"}],"version-history":[{"count":8,"href":"https:\/\/fundarte.us\/es\/wp-json\/wp\/v2\/pages\/15535\/revisions"}],"predecessor-version":[{"id":16375,"href":"https:\/\/fundarte.us\/es\/wp-json\/wp\/v2\/pages\/15535\/revisions\/16375"}],"wp:attachment":[{"href":"https:\/\/fundarte.us\/es\/wp-json\/wp\/v2\/media?parent=15535"}],"wp:term":[{"taxonomy":"category","embeddable":true,"href":"https:\/\/fundarte.us\/es\/wp-json\/wp\/v2\/categories?post=15535"}],"curies":[{"name":"wp","href":"https:\/\/api.w.org\/{rel}","templated":true}]}}