{"id":15595,"date":"2016-11-21T18:39:27","date_gmt":"2016-11-21T18:39:27","guid":{"rendered":"http:\/\/dev.fundarte.gabacon.com\/?page_id=15595&#038;lang=es"},"modified":"2022-08-13T20:59:15","modified_gmt":"2022-08-13T20:59:15","slug":"event-archive","status":"publish","type":"page","link":"https:\/\/fundarte.us\/es\/event-archive\/","title":{"rendered":"Past Events"},"content":{"rendered":"<div class=\"wpb-content-wrapper\"><p>[vc_row row_type=\u00bbrow\u00bb use_row_as_full_screen_section=\u00bbno\u00bb type=\u00bbfull_width\u00bb angled_section=\u00bbno\u00bb text_align=\u00bbleft\u00bb background_image_as_pattern=\u00bbwithout_pattern\u00bb css_animation=\u00bb\u00bb][vc_column][vc_separator type=\u00bbtransparent\u00bb up=\u00bb30px\u00bb down=\u00bb30px\u00bb][vc_column_text]<\/p>\n<h1 id=\"tw-target-text\" class=\"tw-data-text tw-ta tw-text-medium\" dir=\"ltr\" style=\"text-align: center;\" data-placeholder=\"Traducci\u00f3n\"><span lang=\"es\">Archivo de eventos<\/span><\/h1>\n<p>[\/vc_column_text][vc_column_text]<\/p>\n<div class=\"vc_row wpb_row section vc_row-fluid grid_section\" style=\"padding-top: 70px; padding-bottom: 60px; text-align: left;\" data-q_id=\"#portfolio\" data-q_title=\"Portfolio List\" data-q_icon=\"fa-list\">\n<div class=\" section_inner clearfix\">\n<div class=\"section_inner_margin clearfix\">\n<div class=\"wpb_column vc_column_container vc_col-sm-6\">\n<div class=\"vc_column-inner \">\n<div class=\"wpb_wrapper\">\n<div class=\"wpb_single_image wpb_content_element vc_align_center element_from_left element_from_left_on\">\n<div style=\"-webkit-animation-delay: 0.2s; animation-delay: 0.2s; -webkit-transition-delay: 0.2s; transition-delay: 0.2s;\">\n<div class=\"wpb_wrapper\">\n<div class=\"vc_single_image-wrapper vc_box_border_grey\"><img fetchpriority=\"high\" decoding=\"async\" class=\"vc_single_image-img attachment-full\" src=\"https:\/\/fundarte.us\/wp-content\/uploads\/2026\/03\/WhatsApp-Image-2026-03-11-at-11.08.06-1.jpeg\" sizes=\"(max-width: 445px) 100vw, 445px\" srcset=\"https:\/\/fundarte.us\/wp-content\/uploads\/2026\/03\/WhatsApp-Image-2026-03-11-at-11.08.06-1.jpeg 445w, https:\/\/fundarte.us\/wp-content\/uploads\/2026\/03\/WhatsApp-Image-2026-03-11-at-11.08.06-1.jpeg\" alt=\"process-1\" width=\"445\" height=\"297\"><\/div>\n<\/div>\n<\/div>\n<\/div>\n<\/div>\n<\/div>\n<\/div>\n<div class=\"wpb_column vc_column_container vc_col-sm-6\">\n<div class=\"vc_column-inner \">\n<div class=\"wpb_wrapper\">\n<div class=\"wpb_text_column wpb_content_element \">\n<div class=\"wpb_wrapper\">\n<h4 style=\"text-align: left;\">Apocalipsync by Luciano Rosso<\/h4>\n<\/div>\n<\/div>\n<div class=\"separator transparent left\" style=\"margin-top: 12px; margin-bottom: 0px;\"><\/div>\n<div class=\"wpb_text_column wpb_content_element \">\n<div class=\"wpb_wrapper\">Start: 2026-04-11<br \/>\nApocalipsync by Luciano Rosso \u00a0 (In partnership with Aventura Arts &amp; Cultural Center and Miami-Dade County Auditorium\u2019s Away From Home Series) &nbsp; International performer Luciano...<\/div>\n<\/div>\n<div class=\"separator transparent center \" style=\"margin-top: 5px; margin-bottom: 16px;\"><\/div>\n<p><a class=\"qbutton small center default\" href=\"https:\/\/fundarte.us\/es\/fundarte-event\/apocalipsync-by-luciano-rosso\/\" target=\"_self\" rel=\"noopener\">VER MAS<\/a><\/p>\n<\/div>\n<\/div>\n<\/div>\n<\/div>\n<\/div>\n<\/div>\n<div class=\"vc_row wpb_row section vc_row-fluid grid_section\" style=\"text-align: left;\"><\/div>\n<p><\/p>\n<div class=\"vc_row wpb_row section vc_row-fluid grid_section\" style=\"padding-top: 70px; padding-bottom: 0px; text-align: left;\" data-q_id=\"#portfolio\" data-q_title=\"Portfolio List\" data-q_icon=\"fa-list\">\n<div class=\" section_inner clearfix\">\n<div class=\"section_inner_margin clearfix\">\n<div class=\"wpb_column vc_column_container vc_col-sm-6\">\n<div class=\"vc_column-inner \">\n<div class=\"wpb_wrapper\">\n<div class=\"wpb_text_column wpb_content_element \">\n<div class=\"wpb_wrapper\">\n<h4 style=\"text-align: left;\">Out in the tropics 2026!<\/h4>\n<\/div>\n<\/div>\n<div class=\"separator transparent left \" style=\"margin-top: 12px; margin-bottom: 0px;\"><\/div>\n<div class=\"wpb_text_column wpb_content_element \">\n<div class=\"wpb_wrapper\">\n<p>INICIO: 2026-04-04<br \/>\n&nbsp; FUNDarte presents Out in the Tropics 2026 &nbsp; A Celebrated Gender Politics Performing Arts Series Across Miami-Dade April 4 \u2013 April 18, 2026 &nbsp;...<\/p>\n<\/div>\n<\/div>\n<div class=\"separator transparent center \" style=\"margin-top: 5px; margin-bottom: 16px;\"><\/div>\n<p><a class=\"qbutton small center default\" href=\"https:\/\/fundarte.us\/es\/fundarte-event\/out-in-the-tropics-2026\/\" target=\"_self\" rel=\"noopener\">VER MAS<\/a><\/p>\n<div class=\"separator transparent center \" style=\"margin-top: 59px; margin-bottom: 0px;\"><\/div>\n<\/div>\n<\/div>\n<\/div>\n<div class=\"wpb_column vc_column_container vc_col-sm-6\">\n<div class=\"vc_column-inner \">\n<div class=\"wpb_wrapper\">\n<div class=\"wpb_single_image wpb_content_element vc_align_center element_from_right element_from_right_on\">\n<div style=\"-webkit-animation-delay: 0.4s; animation-delay: 0.4s; -webkit-transition-delay: 0.4s; transition-delay: 0.4s;\">\n<div class=\"wpb_wrapper\">\n<div class=\"vc_single_image-wrapper vc_box_border_grey\"><img decoding=\"async\" class=\"vc_single_image-img attachment-full\" src=\"https:\/\/fundarte.us\/wp-content\/uploads\/2026\/02\/ARTIST-ACCESS-1-1.jpg\" sizes=\"(max-width: 445px) 100vw, 445px\" srcset=\"https:\/\/fundarte.us\/wp-content\/uploads\/2026\/02\/ARTIST-ACCESS-1-1.jpg 445w, https:\/\/fundarte.us\/wp-content\/uploads\/2026\/02\/ARTIST-ACCESS-1-1.jpg\" alt=\"q\" width=\"445\" height=\"297\"><\/div>\n<\/div>\n<\/div>\n<\/div>\n<div class=\"separator transparent center\" style=\"margin-top: 59px; margin-bottom: 0px;\"><\/div>\n<\/div>\n<\/div>\n<\/div>\n<\/div>\n<\/div>\n<\/div>\n<div class=\"vc_row wpb_row section vc_row-fluid grid_section\" style=\"text-align: left;\"><\/div>\n<p><\/p>\n<div class=\"vc_row wpb_row section vc_row-fluid grid_section\" style=\"padding-top: 70px; padding-bottom: 60px; text-align: left;\" data-q_id=\"#portfolio\" data-q_title=\"Portfolio List\" data-q_icon=\"fa-list\">\n<div class=\" section_inner clearfix\">\n<div class=\"section_inner_margin clearfix\">\n<div class=\"wpb_column vc_column_container vc_col-sm-6\">\n<div class=\"vc_column-inner \">\n<div class=\"wpb_wrapper\">\n<div class=\"wpb_single_image wpb_content_element vc_align_center element_from_left element_from_left_on\">\n<div style=\"-webkit-animation-delay: 0.2s; animation-delay: 0.2s; -webkit-transition-delay: 0.2s; transition-delay: 0.2s;\">\n<div class=\"wpb_wrapper\">\n<div class=\"vc_single_image-wrapper vc_box_border_grey\"><img decoding=\"async\" class=\"vc_single_image-img attachment-full\" src=\"https:\/\/fundarte.us\/wp-content\/uploads\/2026\/02\/ARTIST-ACCESS-.png\" sizes=\"(max-width: 445px) 100vw, 445px\" srcset=\"https:\/\/fundarte.us\/wp-content\/uploads\/2026\/02\/ARTIST-ACCESS-.png 445w, https:\/\/fundarte.us\/wp-content\/uploads\/2026\/02\/ARTIST-ACCESS-.png\" alt=\"process-1\" width=\"445\" height=\"297\"><\/div>\n<\/div>\n<\/div>\n<\/div>\n<\/div>\n<\/div>\n<\/div>\n<div class=\"wpb_column vc_column_container vc_col-sm-6\">\n<div class=\"vc_column-inner \">\n<div class=\"wpb_wrapper\">\n<div class=\"wpb_text_column wpb_content_element \">\n<div class=\"wpb_wrapper\">\n<h4 style=\"text-align: left;\">Sant\u00e9! by Cirque Kikasse<\/h4>\n<\/div>\n<\/div>\n<div class=\"separator transparent left\" style=\"margin-top: 12px; margin-bottom: 0px;\"><\/div>\n<div class=\"wpb_text_column wpb_content_element \">\n<div class=\"wpb_wrapper\">Start: 2026-04-04<br \/>\n&nbsp; FUNDarte in partnership with Miami Beach Pride and Live Arts Miami present Sant\u00e9! by Cirque Kikasse on April 4th, 2026 at 2:00 p.m. at...<\/div>\n<\/div>\n<div class=\"separator transparent center \" style=\"margin-top: 5px; margin-bottom: 16px;\"><\/div>\n<p><a class=\"qbutton small center default\" href=\"https:\/\/fundarte.us\/es\/fundarte-event\/sante-by-cirque-kikasse\/\" target=\"_self\" rel=\"noopener\">VER MAS<\/a><\/p>\n<\/div>\n<\/div>\n<\/div>\n<\/div>\n<\/div>\n<\/div>\n<div class=\"vc_row wpb_row section vc_row-fluid grid_section\" style=\"text-align: left;\"><\/div>\n<p><\/p>\n<div class=\"vc_row wpb_row section vc_row-fluid grid_section\" style=\"padding-top: 70px; padding-bottom: 0px; text-align: left;\" data-q_id=\"#portfolio\" data-q_title=\"Portfolio List\" data-q_icon=\"fa-list\">\n<div class=\" section_inner clearfix\">\n<div class=\"section_inner_margin clearfix\">\n<div class=\"wpb_column vc_column_container vc_col-sm-6\">\n<div class=\"vc_column-inner \">\n<div class=\"wpb_wrapper\">\n<div class=\"wpb_text_column wpb_content_element \">\n<div class=\"wpb_wrapper\">\n<h4 style=\"text-align: left;\">Artist Access (ART) Grants Program\u2019s Spring application is now available!<\/h4>\n<\/div>\n<\/div>\n<div class=\"separator transparent left \" style=\"margin-top: 12px; margin-bottom: 0px;\"><\/div>\n<div class=\"wpb_text_column wpb_content_element \">\n<div class=\"wpb_wrapper\">\n<p>INICIO: 2025-12-06<br \/>\n&nbsp; Funding Opportunity! &nbsp; The FY 25-26 Artist Access (ART) Grants Program\u2019s Spring application is now available. Deadline to apply is on Tuesday, January 6th,...<\/p>\n<\/div>\n<\/div>\n<div class=\"separator transparent center \" style=\"margin-top: 5px; margin-bottom: 16px;\"><\/div>\n<p><a class=\"qbutton small center default\" href=\"https:\/\/fundarte.us\/es\/fundarte-event\/artist-access-art-grants-programs-spring-application-is-now-available\/\" target=\"_self\" rel=\"noopener\">VER MAS<\/a><\/p>\n<div class=\"separator transparent center \" style=\"margin-top: 59px; margin-bottom: 0px;\"><\/div>\n<\/div>\n<\/div>\n<\/div>\n<div class=\"wpb_column vc_column_container vc_col-sm-6\">\n<div class=\"vc_column-inner \">\n<div class=\"wpb_wrapper\">\n<div class=\"wpb_single_image wpb_content_element vc_align_center element_from_right element_from_right_on\">\n<div style=\"-webkit-animation-delay: 0.4s; animation-delay: 0.4s; -webkit-transition-delay: 0.4s; transition-delay: 0.4s;\">\n<div class=\"wpb_wrapper\">\n<div class=\"vc_single_image-wrapper vc_box_border_grey\"><img loading=\"lazy\" decoding=\"async\" class=\"vc_single_image-img attachment-full\" src=\"https:\/\/fundarte.us\/wp-content\/uploads\/2025\/12\/ARTIST-ACCESS-.png\" sizes=\"(max-width: 445px) 100vw, 445px\" srcset=\"https:\/\/fundarte.us\/wp-content\/uploads\/2025\/12\/ARTIST-ACCESS-.png 445w, https:\/\/fundarte.us\/wp-content\/uploads\/2025\/12\/ARTIST-ACCESS-.png\" alt=\"q\" width=\"445\" height=\"297\"><\/div>\n<\/div>\n<\/div>\n<\/div>\n<div class=\"separator transparent center\" style=\"margin-top: 59px; margin-bottom: 0px;\"><\/div>\n<\/div>\n<\/div>\n<\/div>\n<\/div>\n<\/div>\n<\/div>\n<div class=\"vc_row wpb_row section vc_row-fluid grid_section\" style=\"text-align: left;\"><\/div>\n<p><\/p>\n<div class=\"vc_row wpb_row section vc_row-fluid grid_section\" style=\"padding-top: 70px; padding-bottom: 60px; text-align: left;\" data-q_id=\"#portfolio\" data-q_title=\"Portfolio List\" data-q_icon=\"fa-list\">\n<div class=\" section_inner clearfix\">\n<div class=\"section_inner_margin clearfix\">\n<div class=\"wpb_column vc_column_container vc_col-sm-6\">\n<div class=\"vc_column-inner \">\n<div class=\"wpb_wrapper\">\n<div class=\"wpb_single_image wpb_content_element vc_align_center element_from_left element_from_left_on\">\n<div style=\"-webkit-animation-delay: 0.2s; animation-delay: 0.2s; -webkit-transition-delay: 0.2s; transition-delay: 0.2s;\">\n<div class=\"wpb_wrapper\">\n<div class=\"vc_single_image-wrapper vc_box_border_grey\"><img loading=\"lazy\" decoding=\"async\" class=\"vc_single_image-img attachment-full\" src=\"https:\/\/fundarte.us\/wp-content\/uploads\/2024\/08\/ZZ.jpg\" sizes=\"(max-width: 445px) 100vw, 445px\" srcset=\"https:\/\/fundarte.us\/wp-content\/uploads\/2024\/08\/ZZ.jpg 445w, https:\/\/fundarte.us\/wp-content\/uploads\/2024\/08\/ZZ.jpg\" alt=\"process-1\" width=\"445\" height=\"297\"><\/div>\n<\/div>\n<\/div>\n<\/div>\n<\/div>\n<\/div>\n<\/div>\n<div class=\"wpb_column vc_column_container vc_col-sm-6\">\n<div class=\"vc_column-inner \">\n<div class=\"wpb_wrapper\">\n<div class=\"wpb_text_column wpb_content_element \">\n<div class=\"wpb_wrapper\">\n<h4 style=\"text-align: left;\">ZunZ\u00fan Children's Fest 2024<\/h4>\n<\/div>\n<\/div>\n<div class=\"separator transparent left\" style=\"margin-top: 12px; margin-bottom: 0px;\"><\/div>\n<div class=\"wpb_text_column wpb_content_element \">\n<div class=\"wpb_wrapper\">Start: 2024-10-12<br \/>\nEl ZunZ\u00fan Children's Fest celebra anualmente con las familias y el p\u00fablico m\u00e1s joven un variado programa de proyectos biling\u00fces que re\u00fane a artistas locales y visitantes. El festival busca promover la apreciaci\u00f3n de la cultura universal y los valores de la \"Hispanidad\"...<\/div>\n<\/div>\n<div class=\"separator transparent center \" style=\"margin-top: 5px; margin-bottom: 16px;\"><\/div>\n<p><a class=\"qbutton small center default\" href=\"https:\/\/fundarte.us\/es\/fundarte-event\/zunzun-childrens-fest-2024\/\" target=\"_self\" rel=\"noopener\">VER MAS<\/a><\/p>\n<\/div>\n<\/div>\n<\/div>\n<\/div>\n<\/div>\n<\/div>\n<div class=\"vc_row wpb_row section vc_row-fluid grid_section\" style=\"text-align: left;\"><\/div>\n<p><br \/>\n<div id=\"loopage_pagination\" class=\"pagination-wrap\"><span aria-current=\"page\" class=\"page-numbers current\">1<\/span>\n<a class=\"page-numbers\" href=\"https:\/\/fundarte.us\/es\/wp-json\/wp\/v2\/pages\/15595\/?pagination=2\">2<\/a>\n<a class=\"page-numbers\" href=\"https:\/\/fundarte.us\/es\/wp-json\/wp\/v2\/pages\/15595\/?pagination=3\">3<\/a>\n<span class=\"page-numbers dots\">&hellip;<\/span>\n<a class=\"page-numbers\" href=\"https:\/\/fundarte.us\/es\/wp-json\/wp\/v2\/pages\/15595\/?pagination=40\">40<\/a>\n<a class=\"next page-numbers\" href=\"https:\/\/fundarte.us\/es\/wp-json\/wp\/v2\/pages\/15595\/?pagination=2\">&raquo;<\/a><\/div>[\/vc_column_text][\/vc_column][\/vc_row]<\/p>\n<\/div>","protected":false},"excerpt":{"rendered":"<p>[vc_row row_type=\u00bbrow\u00bb use_row_as_full_screen_section=\u00bbno\u00bb type=\u00bbfull_width\u00bb angled_section=\u00bbno\u00bb text_align=\u00bbleft\u00bb background_image_as_pattern=\u00bbwithout_pattern\u00bb css_animation=\u00bb\u00bb][vc_column][vc_separator type=\u00bbtransparent\u00bb up=\u00bb30px\u00bb down=\u00bb30px\u00bb][vc_column_text] Archivo de eventos [\/vc_column_text][vc_column_text] [\/vc_column_text][\/vc_column][\/vc_row]<\/p>\n","protected":false},"author":1,"featured_media":0,"parent":0,"menu_order":173,"comment_status":"closed","ping_status":"closed","template":"","meta":{"footnotes":""},"categories":[114],"class_list":["post-15595","page","type-page","status-publish","hentry","category-season-2019-2020-es"],"_links":{"self":[{"href":"https:\/\/fundarte.us\/es\/wp-json\/wp\/v2\/pages\/15595","targetHints":{"allow":["GET"]}}],"collection":[{"href":"https:\/\/fundarte.us\/es\/wp-json\/wp\/v2\/pages"}],"about":[{"href":"https:\/\/fundarte.us\/es\/wp-json\/wp\/v2\/types\/page"}],"author":[{"embeddable":true,"href":"https:\/\/fundarte.us\/es\/wp-json\/wp\/v2\/users\/1"}],"replies":[{"embeddable":true,"href":"https:\/\/fundarte.us\/es\/wp-json\/wp\/v2\/comments?post=15595"}],"version-history":[{"count":11,"href":"https:\/\/fundarte.us\/es\/wp-json\/wp\/v2\/pages\/15595\/revisions"}],"predecessor-version":[{"id":22629,"href":"https:\/\/fundarte.us\/es\/wp-json\/wp\/v2\/pages\/15595\/revisions\/22629"}],"wp:attachment":[{"href":"https:\/\/fundarte.us\/es\/wp-json\/wp\/v2\/media?parent=15595"}],"wp:term":[{"taxonomy":"category","embeddable":true,"href":"https:\/\/fundarte.us\/es\/wp-json\/wp\/v2\/categories?post=15595"}],"curies":[{"name":"wp","href":"https:\/\/api.w.org\/{rel}","templated":true}]}}