{"id":15617,"date":"2014-05-20T07:51:11","date_gmt":"2014-05-20T07:51:11","guid":{"rendered":"http:\/\/dev.fundarte.gabacon.com\/?page_id=15617&#038;lang=es"},"modified":"2017-05-30T15:15:01","modified_gmt":"2017-05-30T15:15:01","slug":"home","status":"publish","type":"page","link":"https:\/\/fundarte.us\/es\/home\/","title":{"rendered":"Principal"},"content":{"rendered":"<div class=\"wpb-content-wrapper\"><p>[vc_row row_type=\u00bbrow\u00bb use_row_as_full_screen_section=\u00bbno\u00bb type=\u00bbgrid\u00bb angled_section=\u00bbno\u00bb text_align=\u00bbleft\u00bb background_image_as_pattern=\u00bbwithout_pattern\u00bb css_animation=\u00bb\u00bb][vc_column][vc_empty_space][rev_slider_vc alias=\u00bbtest_latest\u00bb][vc_separator type=\u00bbnormal\u00bb color=\u00bb#e9dcda\u00bb thickness=\u00bb2&#8243; up=\u00bb40&#8243; down=\u00bb34&#8243;][vc_column_text]<\/p>\n<h1 style=\"text-align: center;\">FUNDarte<\/h1>\n<p>[\/vc_column_text][vc_separator type=\u00bbtransparent\u00bb down=\u00bb30&#8243;][vc_column_text]<\/p>\n<h4 style=\"text-align: justify;\">FUNDarte es una organizaci\u00f3n multidisciplinar sin fines de lucro dedicada a la producci\u00f3n, presentaci\u00f3n y promoci\u00f3n de m\u00fasica, teatro, danza, cine y artes visuales que hablan a las diversas culturas de Miami con \u00e9nfasis en las artes y la cultura hispana. FUNDarte trabaja especialmente para nutrir artistas emergentes y aquellos con poca o ninguna exposici\u00f3n al p\u00fablico del Sur de la Florida; Facilitar intercambios interculturales e internacionales; Y proporcionar a las audiencias locales ya los artistas oportunidades educativas que ampl\u00eden sus perspectivas creativas, cr\u00edticas y sociales.<\/h4>\n<p>&nbsp;<\/p>\n<h4 class=\"style10\">La visi\u00f3n de FUNDarte es conducir a nuestra comunidad a aprovechar el poder innato del arte y la cultura para moldear a Estados Unidos en un modelo de cambio social positivo y sostenibilidad a largo plazo a trav\u00e9s de las Artes.<\/h4>\n<p>[\/vc_column_text][vc_separator type=\u00bbnormal\u00bb color=\u00bb#e9dcda\u00bb thickness=\u00bb2&#8243; up=\u00bb50&#8243; down=\u00bb0&#8243;][vc_empty_space][vc_column_text]<\/p>\n<h1 style=\"text-align: center;\">Patrocinadores<\/h1>\n<p>[\/vc_column_text][vc_separator type=\u00bbtransparent\u00bb down=\u00bb30&#8243;][vc_column_text]<\/p>\n<h4 class=\"style10\">Gracias a nuestros maravillosos patrocinadores! FUNDarte est\u00e1 excepcionalmente agradecido por el generoso y continuo apoyo brindado, sin quien nuestra temporada no ser\u00eda posible.<\/h4>\n<h4 class=\"style10\"><\/h4>\n<p>[\/vc_column_text]<div class='qode_carousels_holder clearfix'><div class='qode_carousels' data-number-of-visible-items=''><ul class='slides'><li class='item'><div class=\"carousel_item_holder\"><a itemprop='url' href='https:\/\/www.arts.gov' target='_blank'><span class='first_image_holder has_hover_image'><img itemprop=\"image\" src=\"https:\/\/fundarte.us\/wp-content\/uploads\/2019\/02\/2018-LogoGRAY-Horizontal.png\" alt=\"carousel image\" \/><\/span><span class='second_image_holder has_hover_image'><img itemprop=\"image\" src=\"https:\/\/fundarte.us\/wp-content\/uploads\/2019\/02\/2018-LogoBW-Horizontal.png\" alt=\"carousel image\" \/><\/span><\/a><\/div><\/li><li class='item'><div class=\"carousel_item_holder\"><a itemprop='url' href='http:\/\/www.miamilightproject.com' target='_blank'><span class='first_image_holder has_hover_image'><img itemprop=\"image\" src=\"https:\/\/fundarte.us\/wp-content\/uploads\/2016\/12\/Miami_Light_Project_1.png\" alt=\"carousel image\" \/><\/span><span class='second_image_holder has_hover_image'><img itemprop=\"image\" src=\"https:\/\/fundarte.us\/wp-content\/uploads\/2016\/12\/Miami_Light_Project_2.png\" alt=\"carousel image\" \/><\/span><\/a><\/div><\/li><li class='item'><div class=\"carousel_item_holder\"><a itemprop='url' href='http:\/\/www.miamiherald.com' target='_blank'><span class='first_image_holder has_hover_image'><img itemprop=\"image\" src=\"https:\/\/fundarte.us\/wp-content\/uploads\/2016\/12\/Miami_Herald_1.png\" alt=\"carousel image\" \/><\/span><span class='second_image_holder has_hover_image'><img itemprop=\"image\" src=\"https:\/\/fundarte.us\/wp-content\/uploads\/2016\/12\/Miami_Herald_2.png\" alt=\"carousel image\" \/><\/span><\/a><\/div><\/li><li class='item'><div class=\"carousel_item_holder\"><a itemprop='url' href='http:\/\/www.knightfoundation.org' target='_blank'><span class='first_image_holder has_hover_image'><img itemprop=\"image\" src=\"https:\/\/fundarte.us\/wp-content\/uploads\/2021\/06\/Knight_Foundation_GREY.png\" alt=\"carousel image\" \/><\/span><span class='second_image_holder has_hover_image'><img itemprop=\"image\" src=\"https:\/\/fundarte.us\/wp-content\/uploads\/2021\/06\/Knight_Foundation_21.png\" alt=\"carousel image\" \/><\/span><\/a><\/div><\/li><li class='item'><div class=\"carousel_item_holder\"><a itemprop='url' href='http:\/\/glassworksmultimedia.com' target='_blank'><span class='first_image_holder has_hover_image'><img itemprop=\"image\" src=\"https:\/\/fundarte.us\/wp-content\/uploads\/2016\/12\/Glass_Works_1.png\" alt=\"carousel image\" \/><\/span><span class='second_image_holder has_hover_image'><img itemprop=\"image\" src=\"https:\/\/fundarte.us\/wp-content\/uploads\/2016\/12\/Glass_Works_2.png\" alt=\"carousel image\" \/><\/span><\/a><\/div><\/li><li class='item'><div class=\"carousel_item_holder\"><a itemprop='url' href='http:\/\/miamidade.gov' target='_blank'><span class='first_image_holder has_hover_image'><img itemprop=\"image\" src=\"https:\/\/fundarte.us\/wp-content\/uploads\/2017\/09\/MIAMI-DADE-CountyGrayLogo.png\" alt=\"carousel image\" \/><\/span><span class='second_image_holder has_hover_image'><img itemprop=\"image\" src=\"https:\/\/fundarte.us\/wp-content\/uploads\/2017\/09\/MIAMI-DADE-County.png\" alt=\"carousel image\" \/><\/span><\/a><\/div><\/li><li class='item'><div class=\"carousel_item_holder\"><a itemprop='url' href='http:\/\/www.wdna.org' target='_blank'><span class='first_image_holder has_hover_image'><img itemprop=\"image\" src=\"https:\/\/fundarte.us\/wp-content\/uploads\/2016\/12\/WDNA_1.png\" alt=\"carousel image\" \/><\/span><span class='second_image_holder has_hover_image'><img itemprop=\"image\" src=\"https:\/\/fundarte.us\/wp-content\/uploads\/2016\/12\/WDNA_2.png\" alt=\"carousel image\" \/><\/span><\/a><\/div><\/li><li class='item'><div class=\"carousel_item_holder\"><a itemprop='url' href='http:\/\/dos.myflorida.com\/cultural\/' target='_blank'><span class='first_image_holder has_hover_image'><img itemprop=\"image\" src=\"https:\/\/fundarte.us\/wp-content\/uploads\/2017\/05\/CBF-Grayscale-WEB-.png\" alt=\"carousel image\" \/><\/span><span class='second_image_holder has_hover_image'><img itemprop=\"image\" src=\"https:\/\/fundarte.us\/wp-content\/uploads\/2017\/05\/CBF-PNG-WEB.png\" alt=\"carousel image\" \/><\/span><\/a><\/div><\/li><li class='item'><div class=\"carousel_item_holder\"><a itemprop='url' href='http:\/\/www.fundingartsnetwork.org\/' target='_blank'><span class='first_image_holder has_hover_image'><img itemprop=\"image\" src=\"https:\/\/fundarte.us\/wp-content\/uploads\/2017\/05\/FAN-GRAY-WEN.png\" alt=\"carousel image\" \/><\/span><span class='second_image_holder has_hover_image'><img itemprop=\"image\" src=\"https:\/\/fundarte.us\/wp-content\/uploads\/2017\/05\/FAN-COLOR-WEB.png\" alt=\"carousel image\" \/><\/span><\/a><\/div><\/li><li class='item'><div class=\"carousel_item_holder\"><a itemprop='url' href='http:\/\/www.miamibeachfl.gov\/' target='_blank'><span class='first_image_holder has_hover_image'><img itemprop=\"image\" src=\"https:\/\/fundarte.us\/wp-content\/uploads\/2020\/09\/MiamiBeachg-x-web.png\" alt=\"carousel image\" \/><\/span><span class='second_image_holder has_hover_image'><img itemprop=\"image\" src=\"https:\/\/fundarte.us\/wp-content\/uploads\/2020\/09\/MiamiBeachLogoGreen-color-x-web-.png\" alt=\"carousel image\" \/><\/span><\/a><\/div><\/li><li class='item'><div class=\"carousel_item_holder\"><a itemprop='url' href='https:\/\/www.steinway.com\/' target='_blank'><span class='first_image_holder has_hover_image'><img itemprop=\"image\" src=\"https:\/\/fundarte.us\/wp-content\/uploads\/2018\/02\/Steinway-Sons-Grey.png\" alt=\"carousel image\" \/><\/span><span class='second_image_holder has_hover_image'><img itemprop=\"image\" src=\"https:\/\/fundarte.us\/wp-content\/uploads\/2018\/02\/Steinway-Sons.png\" alt=\"carousel image\" \/><\/span><\/a><\/div><\/li><\/ul><\/div><\/div>[vc_separator type=\u00bbnormal\u00bb color=\u00bb#e9dcda\u00bb thickness=\u00bb2&#8243; up=\u00bb50&#8243; down=\u00bb34&#8243;][\/vc_column][\/vc_row][vc_row row_type=\u00bbrow\u00bb use_row_as_full_screen_section=\u00bbno\u00bb type=\u00bbfull_width\u00bb angled_section=\u00bbno\u00bb text_align=\u00bbleft\u00bb background_image_as_pattern=\u00bbwithout_pattern\u00bb css_animation=\u00bb\u00bb][vc_column][vc_column_text]<\/p>\n<p>[\/vc_column_text][vc_column_text]<\/p>\n<h1 style=\"text-align: center;\">Pr\u00f3ximos Eventos<\/h1>\n<p>[\/vc_column_text][vc_separator type=\u00bbtransparent\u00bb down=\u00bb30&#8243;][\/vc_column][\/vc_row][vc_row row_type=\u00bbrow\u00bb use_row_as_full_screen_section=\u00bbno\u00bb type=\u00bbgrid\u00bb angled_section=\u00bbno\u00bb text_align=\u00bbleft\u00bb background_image_as_pattern=\u00bbwithout_pattern\u00bb padding_top=\u00bb10&#8243; padding_bottom=\u00bb0&#8243; css_animation=\u00bb\u00bb][vc_column width=\u00bb1\/6&#8243;][\/vc_column][vc_column width=\u00bb2\/3&#8243;][vc_column_text]<\/p>\n<div class=\"q_masonry_blog\">\n<div class=\"q_masonry_blog_grid_50 q_masonry_blog_grid_sizer\"><\/div>\n<div class=\"q_masonry_blog_grid_gutter\"><\/div>\n\n<\/div>\n<p>[\/vc_column_text][\/vc_column][vc_column width=\u00bb1\/6&#8243;][\/vc_column][\/vc_row][vc_row row_type=\u00bbrow\u00bb use_row_as_full_screen_section=\u00bbno\u00bb type=\u00bbgrid\u00bb angled_section=\u00bbno\u00bb text_align=\u00bbleft\u00bb background_image_as_pattern=\u00bbwithout_pattern\u00bb padding_top=\u00bb10&#8243; padding_bottom=\u00bb0&#8243; css_animation=\u00bb\u00bb][vc_column][vc_separator type=\u00bbnormal\u00bb color=\u00bb#e9dcda\u00bb up=\u00bb8&#8243; down=\u00bb30&#8243;][\/vc_column][\/vc_row][vc_row row_type=\u00bbrow\u00bb use_row_as_full_screen_section=\u00bbno\u00bb type=\u00bbgrid\u00bb angled_section=\u00bbno\u00bb text_align=\u00bbleft\u00bb background_image_as_pattern=\u00bbwithout_pattern\u00bb css_animation=\u00bb\u00bb][vc_column][vc_column_text]<\/p>\n<h1 style=\"text-align: center;\">De los Eventos Pasados<\/h1>\n<p>[\/vc_column_text][vc_separator type=\u00bbtransparent\u00bb thickness=\u00bb2&#8243; down=\u00bb50&#8243;][vc_row_inner row_type=\u00bbrow\u00bb type=\u00bbfull_width\u00bb text_align=\u00bbleft\u00bb css_animation=\u00bb\u00bb][vc_column_inner width=\u00bb1\/3&#8243;]<div class=\"q_image_with_text_over\"><div class=\"shader\" ><\/div><img itemprop=\"image\" src=\"https:\/\/fundarte.us\/wp-content\/uploads\/2016\/12\/GlassWorksMultiMedia_OsdalgiaDobleFilo_DSC7717_1_web.jpg\" alt=\"\" \/><div class=\"text\"><table><tr><td><h2 class=\"caption no_icon\" style=\"\"><\/h2><\/td><\/tr><\/table><table><tr><td><div class=\"desc\"><a href=\"https:\/\/fundarte.us\/doble-filo-osdalgia-global-cuba-fest\/\"><strong>Doble Filo &amp; Osdalgia<\/strong><\/a><\/div><\/td><\/tr><\/table><\/div><\/div>[\/vc_column_inner][vc_column_inner width=\u00bb1\/3&#8243;]<div class=\"q_image_with_text_over\"><div class=\"shader\" ><\/div><img itemprop=\"image\" src=\"https:\/\/fundarte.us\/wp-content\/uploads\/2016\/12\/asesinos.jpg\" alt=\"\" \/><div class=\"text\"><table><tr><td><h2 class=\"caption no_icon\" style=\"\"><\/h2><\/td><\/tr><\/table><table><tr><td><div class=\"desc\"><a href=\"https:\/\/fundarte.us\/ssesinos-por-una-noche\/\"><strong>Asesinos Por Una Noche<\/strong><\/a><\/div><\/td><\/tr><\/table><\/div><\/div>[\/vc_column_inner][vc_column_inner width=\u00bb1\/3&#8243;]<div class=\"q_image_with_text_over\"><div class=\"shader\" ><\/div><img itemprop=\"image\" src=\"https:\/\/fundarte.us\/wp-content\/uploads\/2016\/12\/DSC8478.jpg\" alt=\"\" \/><div class=\"text\"><table><tr><td><h2 class=\"caption no_icon\" style=\"\"><\/h2><\/td><\/tr><\/table><table><tr><td><div class=\"desc\"><a href=\"https:\/\/fundarte.us\/si-vas-a-sacar-un-cuchillo\/\"><strong>Si Vas A Sacar Un Cuchillo<\/strong><\/a><\/div><\/td><\/tr><\/table><\/div><\/div>[\/vc_column_inner][\/vc_row_inner][vc_separator type=\u00bbtransparent\u00bb up=\u00bb50&#8243; down=\u00bb0&#8243;][\/vc_column][\/vc_row]<\/p>\n<\/div>","protected":false},"excerpt":{"rendered":"<p>[vc_row row_type=\u00bbrow\u00bb use_row_as_full_screen_section=\u00bbno\u00bb type=\u00bbgrid\u00bb angled_section=\u00bbno\u00bb text_align=\u00bbleft\u00bb background_image_as_pattern=\u00bbwithout_pattern\u00bb css_animation=\u00bb\u00bb][vc_column][vc_empty_space][rev_slider_vc alias=\u00bbtest_latest\u00bb][vc_separator type=\u00bbnormal\u00bb color=\u00bb#e9dcda\u00bb thickness=\u00bb2&#8243; up=\u00bb40&#8243; down=\u00bb34&#8243;][vc_column_text] FUNDarte [\/vc_column_text][vc_separator type=\u00bbtransparent\u00bb down=\u00bb30&#8243;][vc_column_text] FUNDarte es una organizaci\u00f3n multidisciplinar sin fines de lucro dedicada a la producci\u00f3n, presentaci\u00f3n y promoci\u00f3n de m\u00fasica, teatro, danza, cine y artes visuales que hablan a&#8230;<\/p>\n","protected":false},"author":1,"featured_media":0,"parent":0,"menu_order":217,"comment_status":"open","ping_status":"open","template":"full_width.php","meta":{"footnotes":""},"categories":[],"class_list":["post-15617","page","type-page","status-publish","hentry"],"_links":{"self":[{"href":"https:\/\/fundarte.us\/es\/wp-json\/wp\/v2\/pages\/15617","targetHints":{"allow":["GET"]}}],"collection":[{"href":"https:\/\/fundarte.us\/es\/wp-json\/wp\/v2\/pages"}],"about":[{"href":"https:\/\/fundarte.us\/es\/wp-json\/wp\/v2\/types\/page"}],"author":[{"embeddable":true,"href":"https:\/\/fundarte.us\/es\/wp-json\/wp\/v2\/users\/1"}],"replies":[{"embeddable":true,"href":"https:\/\/fundarte.us\/es\/wp-json\/wp\/v2\/comments?post=15617"}],"version-history":[{"count":22,"href":"https:\/\/fundarte.us\/es\/wp-json\/wp\/v2\/pages\/15617\/revisions"}],"predecessor-version":[{"id":16849,"href":"https:\/\/fundarte.us\/es\/wp-json\/wp\/v2\/pages\/15617\/revisions\/16849"}],"wp:attachment":[{"href":"https:\/\/fundarte.us\/es\/wp-json\/wp\/v2\/media?parent=15617"}],"wp:term":[{"taxonomy":"category","embeddable":true,"href":"https:\/\/fundarte.us\/es\/wp-json\/wp\/v2\/categories?post=15617"}],"curies":[{"name":"wp","href":"https:\/\/api.w.org\/{rel}","templated":true}]}}