{"id":16864,"date":"2016-11-22T20:24:08","date_gmt":"2016-11-22T20:24:08","guid":{"rendered":"http:\/\/fundarte.us\/home-3\/"},"modified":"2022-09-05T21:14:17","modified_gmt":"2022-09-05T21:14:17","slug":"principal-3","status":"publish","type":"page","link":"https:\/\/fundarte.us\/es\/principal-3\/","title":{"rendered":"Home-3"},"content":{"rendered":"<div class=\"wpb-content-wrapper\"><p>[vc_row row_type=\u00bbrow\u00bb use_row_as_full_screen_section=\u00bbno\u00bb type=\u00bbgrid\u00bb angled_section=\u00bbno\u00bb text_align=\u00bbleft\u00bb background_image_as_pattern=\u00bbwithout_pattern\u00bb css_animation=\u00bb\u00bb][vc_column][vc_empty_space][rev_slider_vc alias=\u00bbslider-1&#8243;][vc_separator type=\u00bbnormal\u00bb color=\u00bb#e9dcda\u00bb thickness=\u00bb2&#8243; up=\u00bb40&#8243; down=\u00bb34&#8243;][vc_column_text]<\/p>\n<h1 style=\"text-align: center;\">FUNDarte<\/h1>\n<p>[\/vc_column_text][vc_separator type=\u00bbtransparent\u00bb down=\u00bb30&#8243;][vc_column_text]<\/p>\n<h4>FUNDarte is a Miami-based cultural incubator that links our community to the world.\u00a0 Every year, we present an array of concerts, plays, dance performances, films and visual arts that enliven local culture with the flavors of Latin America, Spain, the Caribbean, and the world beyond. Our programs nurture local artistic talent and bring exciting international artists to local audiences, connect diverse communities, and create safe spaces for artistic experimentation and international collaboration. FUNDarte is about engaging and empowering communities through the magic of innovative artistry and cross-cultural communication.<\/h4>\n<h4 class=\"style10\">FUNDarte&#8217;s vision is to lead our community in leveraging the innate power of art and culture to shape United States into a model for positive social change and long-term sustainability through the Arts.<\/h4>\n<p>[\/vc_column_text][vc_separator type=\u00bbnormal\u00bb color=\u00bb#e9dcda\u00bb thickness=\u00bb2&#8243; up=\u00bb50&#8243; down=\u00bb0&#8243;][vc_column_text]<\/p>\n<h1 style=\"text-align: center;\">Sponsors<\/h1>\n<p>[\/vc_column_text]<div class='qode_carousels_holder clearfix'><div class='qode_carousels' data-number-of-visible-items=''><ul class='slides'><li class='item'><div class=\"carousel_item_holder\"><a itemprop='url' href='http:\/\/www.southarts.org' target='_blank'><span class='first_image_holder has_hover_image'><img itemprop=\"image\" src=\"https:\/\/fundarte.us\/wp-content\/uploads\/2020\/10\/South_Arts-color-x-web-222-copy.png\" alt=\"carousel image\" \/><\/span><span class='second_image_holder has_hover_image'><img itemprop=\"image\" src=\"https:\/\/fundarte.us\/wp-content\/uploads\/2020\/10\/South_Arts-color-x-web-333.png\" alt=\"carousel image\" \/><\/span><\/a><\/div><\/li><li class='item'><div class=\"carousel_item_holder\"><a itemprop='url' href='https:\/\/www.arts.gov' target='_blank'><span class='first_image_holder has_hover_image'><img itemprop=\"image\" src=\"https:\/\/fundarte.us\/wp-content\/uploads\/2019\/02\/2018-LogoGRAY-Horizontal.png\" alt=\"carousel image\" \/><\/span><span class='second_image_holder has_hover_image'><img itemprop=\"image\" src=\"https:\/\/fundarte.us\/wp-content\/uploads\/2019\/02\/2018-LogoBW-Horizontal.png\" alt=\"carousel image\" \/><\/span><\/a><\/div><\/li><li class='item'><div class=\"carousel_item_holder\"><a itemprop='url' href='http:\/\/www.knightfoundation.org' target='_blank'><span class='first_image_holder has_hover_image'><img itemprop=\"image\" src=\"https:\/\/fundarte.us\/wp-content\/uploads\/2021\/06\/Knight_Foundation_GREY.png\" alt=\"carousel image\" \/><\/span><span class='second_image_holder has_hover_image'><img itemprop=\"image\" src=\"https:\/\/fundarte.us\/wp-content\/uploads\/2021\/06\/Knight_Foundation_21.png\" alt=\"carousel image\" \/><\/span><\/a><\/div><\/li><li class='item'><div class=\"carousel_item_holder\"><a itemprop='url' href='http:\/\/miamidade.gov' target='_blank'><span class='first_image_holder has_hover_image'><img itemprop=\"image\" src=\"https:\/\/fundarte.us\/wp-content\/uploads\/2017\/09\/MIAMI-DADE-CountyGrayLogo.png\" alt=\"carousel image\" \/><\/span><span class='second_image_holder has_hover_image'><img itemprop=\"image\" src=\"https:\/\/fundarte.us\/wp-content\/uploads\/2017\/09\/MIAMI-DADE-County.png\" alt=\"carousel image\" \/><\/span><\/a><\/div><\/li><li class='item'><div class=\"carousel_item_holder\"><a itemprop='url' href='http:\/\/dos.myflorida.com\/cultural\/' target='_blank'><span class='first_image_holder has_hover_image'><img itemprop=\"image\" src=\"https:\/\/fundarte.us\/wp-content\/uploads\/2021\/07\/Division-of-Arts-and-Culutre-Gray.png\" alt=\"carousel image\" \/><\/span><span class='second_image_holder has_hover_image'><img itemprop=\"image\" src=\"https:\/\/fundarte.us\/wp-content\/uploads\/2021\/07\/Division-of-Art-and-Culutre-x-web-color-1.png\" alt=\"carousel image\" \/><\/span><\/a><\/div><\/li><li class='item'><div class=\"carousel_item_holder\"><a itemprop='url' href='http:\/\/www.midatlanticarts.org\/' target='_blank'><span class='first_image_holder has_hover_image'><img itemprop=\"image\" src=\"https:\/\/fundarte.us\/wp-content\/uploads\/2017\/09\/MidAtlanticGrayLogo.png\" alt=\"carousel image\" \/><\/span><span class='second_image_holder has_hover_image'><img itemprop=\"image\" src=\"https:\/\/fundarte.us\/wp-content\/uploads\/2017\/09\/MidAtlantic.png\" alt=\"carousel image\" \/><\/span><\/a><\/div><\/li><li class='item'><div class=\"carousel_item_holder\"><a itemprop='url' href='http:\/\/www.apap365.org\/Pages\/APAP365.aspx' target='_blank'><span class='first_image_holder has_hover_image'><img itemprop=\"image\" src=\"https:\/\/fundarte.us\/wp-content\/uploads\/2017\/05\/APAP-GRAY-WEB-e1494976830615.png\" alt=\"carousel image\" \/><\/span><span class='second_image_holder has_hover_image'><img itemprop=\"image\" src=\"https:\/\/fundarte.us\/wp-content\/uploads\/2017\/05\/APAP-COLOR-WEB.png\" alt=\"carousel image\" \/><\/span><\/a><\/div><\/li><li class='item'><div class=\"carousel_item_holder\"><a itemprop='url' href='http:\/\/www.accioncultural.es\/es\/progPICE' target='_blank'><span class='first_image_holder has_hover_image'><img itemprop=\"image\" src=\"https:\/\/fundarte.us\/wp-content\/uploads\/2017\/09\/ACE-Gray-Logo-WEB.png\" alt=\"carousel image\" \/><\/span><span class='second_image_holder has_hover_image'><img itemprop=\"image\" src=\"https:\/\/fundarte.us\/wp-content\/uploads\/2017\/09\/ACE-Logo-WEB.png\" alt=\"carousel image\" \/><\/span><\/a><\/div><\/li><li class='item'><div class=\"carousel_item_holder\"><a itemprop='url' href='https:\/\/www.miamidadecountyauditorium.org\/' target='_blank'><span class='first_image_holder has_hover_image'><img itemprop=\"image\" src=\"https:\/\/fundarte.us\/wp-content\/uploads\/2017\/09\/Miami-Dade-County-AuditoriumGrayLogo.png\" alt=\"carousel image\" \/><\/span><span class='second_image_holder has_hover_image'><img itemprop=\"image\" src=\"https:\/\/fundarte.us\/wp-content\/uploads\/2017\/09\/Miami-Dade-County-Auditorium.png\" alt=\"carousel image\" \/><\/span><\/a><\/div><\/li><li class='item'><div class=\"carousel_item_holder\"><a itemprop='url' href='http:\/\/www.miamibeachfl.gov\/' target='_blank'><span class='first_image_holder has_hover_image'><img itemprop=\"image\" src=\"https:\/\/fundarte.us\/wp-content\/uploads\/2020\/09\/MiamiBeachg-x-web.png\" alt=\"carousel image\" \/><\/span><span class='second_image_holder has_hover_image'><img itemprop=\"image\" src=\"https:\/\/fundarte.us\/wp-content\/uploads\/2020\/09\/MiamiBeachLogoGreen-color-x-web-.png\" alt=\"carousel image\" \/><\/span><\/a><\/div><\/li><li class='item'><div class=\"carousel_item_holder\"><a itemprop='url' href='http:\/\/www.fundacionsgae.org\/en-EN\/SitePages\/Inicio.aspx' target='_blank'><span class='first_image_holder has_hover_image'><img itemprop=\"image\" src=\"https:\/\/fundarte.us\/wp-content\/uploads\/2018\/01\/SGAE-Gray-WEB.png\" alt=\"carousel image\" \/><\/span><span class='second_image_holder has_hover_image'><img itemprop=\"image\" src=\"https:\/\/fundarte.us\/wp-content\/uploads\/2018\/01\/SGAE-WEB.png\" alt=\"carousel image\" \/><\/span><\/a><\/div><\/li><li class='item'><div class=\"carousel_item_holder\"><a itemprop='url' href='http:\/\/www.flamencofestival.org\/' target='_blank'><span class='first_image_holder has_hover_image'><img itemprop=\"image\" src=\"https:\/\/fundarte.us\/wp-content\/uploads\/2018\/01\/Flamenco-Festival-Gray-WEB.png\" alt=\"carousel image\" \/><\/span><span class='second_image_holder has_hover_image'><img itemprop=\"image\" src=\"https:\/\/fundarte.us\/wp-content\/uploads\/2018\/01\/Flamenco-Festival-WEB.png\" alt=\"carousel image\" \/><\/span><\/a><\/div><\/li><li class='item'><div class=\"carousel_item_holder\"><a itemprop='url' href='https:\/\/www.steinway.com\/' target='_blank'><span class='first_image_holder has_hover_image'><img itemprop=\"image\" src=\"https:\/\/fundarte.us\/wp-content\/uploads\/2018\/02\/Steinway-Sons-Grey.png\" alt=\"carousel image\" \/><\/span><span class='second_image_holder has_hover_image'><img itemprop=\"image\" src=\"https:\/\/fundarte.us\/wp-content\/uploads\/2018\/02\/Steinway-Sons.png\" alt=\"carousel image\" \/><\/span><\/a><\/div><\/li><li class='item'><div class=\"carousel_item_holder\"><a itemprop='url' href='https:\/\/www.miamiartguide.com\/' target='_blank'><span class='first_image_holder has_hover_image'><img itemprop=\"image\" src=\"https:\/\/fundarte.us\/wp-content\/uploads\/2019\/10\/MAG-Gray-logo.png\" alt=\"carousel image\" \/><\/span><span class='second_image_holder has_hover_image'><img itemprop=\"image\" src=\"https:\/\/fundarte.us\/wp-content\/uploads\/2019\/10\/MAG.png\" alt=\"carousel image\" \/><\/span><\/a><\/div><\/li><li class='item'><div class=\"carousel_item_holder\"><a itemprop='url' href='https:\/\/mellon.org\/' target='_blank'><span class='first_image_holder has_hover_image'><img itemprop=\"image\" src=\"https:\/\/fundarte.us\/wp-content\/uploads\/2020\/10\/The-Andrew-W.-Mellon-Foundation-WEB-BW.png\" alt=\"carousel image\" \/><\/span><span class='second_image_holder has_hover_image'><img itemprop=\"image\" src=\"https:\/\/fundarte.us\/wp-content\/uploads\/2020\/10\/The-Andrew-W.-Mellon-Foundation-WEB.png\" alt=\"carousel image\" \/><\/span><\/a><\/div><\/li><\/ul><\/div><\/div>[vc_column_text]<\/p>\n<h4 class=\"style10\">Thanks to our sponsors! FUNDarte is exceptionally grateful for the generous and continuous support provided, without whom our season would not be possible.<\/h4>\n<p>[\/vc_column_text][vc_separator type=\u00bbnormal\u00bb color=\u00bb#e9dcda\u00bb thickness=\u00bb2&#8243; up=\u00bb50&#8243; down=\u00bb34&#8243;][vc_empty_space][\/vc_column][\/vc_row][vc_row row_type=\u00bbrow\u00bb use_row_as_full_screen_section=\u00bbno\u00bb type=\u00bbgrid\u00bb angled_section=\u00bbno\u00bb text_align=\u00bbleft\u00bb background_image_as_pattern=\u00bbwithout_pattern\u00bb padding_top=\u00bb10&#8243; padding_bottom=\u00bb0&#8243; css_animation=\u00bb\u00bb][vc_column][vc_column_text]<\/p>\n<h1 style=\"text-align: center;\">Events<\/h1>\n<p>[\/vc_column_text][vc_separator type=\u00bbtransparent\u00bb thickness=\u00bb2&#8243; down=\u00bb50&#8243;][vc_column_text]<\/p>\n<div class=\"q_masonry_blog\">\n<div class=\"q_masonry_blog_grid_sizer\"><\/div>\n<div class=\"q_masonry_blog_grid_gutter\"><\/div>\n\n<\/div>\n<p>[\/vc_column_text][vc_separator type=\u00bbnormal\u00bb color=\u00bb#e9dcda\u00bb thickness=\u00bb2&#8243; up=\u00bb50&#8243; down=\u00bb34&#8243;][\/vc_column][\/vc_row][vc_row row_type=\u00bbrow\u00bb use_row_as_full_screen_section=\u00bbno\u00bb type=\u00bbgrid\u00bb angled_section=\u00bbno\u00bb text_align=\u00bbleft\u00bb background_image_as_pattern=\u00bbwithout_pattern\u00bb css_animation=\u00bb\u00bb][vc_column][vc_column_text]<\/p>\n<h1 style=\"text-align: center;\">From Past Events<\/h1>\n<p>[\/vc_column_text][vc_separator type=\u00bbtransparent\u00bb thickness=\u00bb2&#8243; down=\u00bb50&#8243;][vc_row_inner row_type=\u00bbrow\u00bb type=\u00bbfull_width\u00bb text_align=\u00bbleft\u00bb css_animation=\u00bb\u00bb][vc_column_inner width=\u00bb1\/3&#8243;]<div class=\"q_image_with_text_over\"><div class=\"shader\" ><\/div><img itemprop=\"image\" src=\"https:\/\/fundarte.us\/wp-content\/uploads\/2019\/08\/Chapa-2018-19-Summary.png\" alt=\"\" \/><div class=\"text\"><table><tr><td><h2 class=\"caption no_icon\" style=\"\"><\/h2><\/td><\/tr><\/table><table><tr><td><div class=\"desc\"><br \/>\n<a href=\"https:\/\/www.youtube.com\/watch?v=fHhFnZ88rzE\"><br \/>\n<strong>Temporada 2018-19 <\/strong><br \/>\n<\/a><br \/>\n<\/div><\/td><\/tr><\/table><\/div><\/div><div class=\"q_image_with_text_over\"><div class=\"shader\" ><\/div><img itemprop=\"image\" src=\"https:\/\/fundarte.us\/wp-content\/uploads\/2017\/05\/Gonzalo-GCF-FUNDarte-by-Generacion-Asere-067-e1494351135168.jpg\" alt=\"\" \/><div class=\"text\"><table><tr><td><h2 class=\"caption no_icon\" style=\"\"><\/h2><\/td><\/tr><\/table><table><tr><td><div class=\"desc\"><br \/>\n<a href=\"https:\/\/fundarte.us\/es\/fundarte-event\/global-cuba-fest-en-miami-2015\/\"><br \/>\n<strong>Global Cuba Fest 2015 <\/strong><br \/>\n<\/a><br \/>\n<\/div><\/td><\/tr><\/table><\/div><\/div>[\/vc_column_inner][vc_column_inner width=\u00bb1\/3&#8243;]<div class=\"q_image_with_text_over\"><div class=\"shader\" ><\/div><img itemprop=\"image\" src=\"https:\/\/fundarte.us\/wp-content\/uploads\/2018\/07\/GCF-2018.png\" alt=\"\" \/><div class=\"text\"><table><tr><td><h2 class=\"caption no_icon\" style=\"\"><\/h2><\/td><\/tr><\/table><table><tr><td><div class=\"desc\"><br \/>\n<a href=\"https:\/\/www.youtube.com\/watch?v=1CBC23_aQtQ\/\">Temporada 2017-18<\/a><br \/>\n<\/div><\/td><\/tr><\/table><\/div><\/div><div class=\"q_image_with_text_over\"><div class=\"shader\" ><\/div><img itemprop=\"image\" src=\"https:\/\/fundarte.us\/wp-content\/uploads\/2017\/06\/Antigono\u0301n-by-Glasswork-012.jpeg\" alt=\"\" \/><div class=\"text\"><table><tr><td><h2 class=\"caption no_icon\" style=\"\"><\/h2><\/td><\/tr><\/table><table><tr><td><div class=\"desc\"><br \/>\n<a href=\"https:\/\/fundarte.us\/es\/fundarte-event\/antigonon-un-contingente-epico-por-teatro-el-publico-de-cuba\/\"><br \/>\n<strong>Antigon\u00f3n un Contingente \u00c9pico de Teatro El P\u00fablico<\/strong><br \/>\n<\/a><br \/>\n<\/div><\/td><\/tr><\/table><\/div><\/div>[\/vc_column_inner][vc_column_inner width=\u00bb1\/3&#8243;]<div class=\"q_image_with_text_over\"><div class=\"shader\" ><\/div><img itemprop=\"image\" src=\"https:\/\/fundarte.us\/wp-content\/uploads\/2018\/07\/OITT-2017.png\" alt=\"\" \/><div class=\"text\"><table><tr><td><h2 class=\"caption no_icon\" style=\"\"><\/h2><\/td><\/tr><\/table><table><tr><td><div class=\"desc\"><br \/>\n<a href=\"https:\/\/www.youtube.com\/watch?v=m0ShDjOk5ZY\/\"><br \/>\n<strong>Temporada 2016-17<\/strong><br \/>\n<\/a><br \/>\n<\/div><\/td><\/tr><\/table><\/div><\/div><div class=\"q_image_with_text_over\"><div class=\"shader\" ><\/div><img itemprop=\"image\" src=\"https:\/\/fundarte.us\/wp-content\/uploads\/2017\/06\/CUD-012-by-Generacion-Asere.png\" alt=\"\" \/><div class=\"text\"><table><tr><td><h2 class=\"caption no_icon\" style=\"\"><\/h2><\/td><\/tr><\/table><table><tr><td><div class=\"desc\"><br \/>\n<a href=\"https:\/\/fundarte.us\/es\/fundarte-event\/companhia-urbana-de-danca-en-miami\/\">Chapa Quente de la Companhia Urbana de Dan\u00e7a<\/a><br \/>\n<\/div><\/td><\/tr><\/table><\/div><\/div>[\/vc_column_inner][\/vc_row_inner][vc_row_inner row_type=\u00bbrow\u00bb type=\u00bbfull_width\u00bb text_align=\u00bbleft\u00bb css_animation=\u00bb\u00bb][vc_column_inner width=\u00bb1\/3&#8243;]<div class=\"q_image_with_text_over\"><div class=\"shader\" ><\/div><img itemprop=\"image\" src=\"https:\/\/fundarte.us\/wp-content\/uploads\/2017\/06\/Global-Cuba-Fest-2016-Ruta.jpg\" alt=\"\" \/><div class=\"text\"><table><tr><td><h2 class=\"caption no_icon\" style=\"\"><\/h2><\/td><\/tr><\/table><table><tr><td><div class=\"desc\"><a href=\"https:\/\/fundarte.us\/wp-admin\/post.php?post=17276&amp;action=edit&amp;lang=en\"><strong>Global Cuba Fest 2016 <\/strong><\/a><\/div><\/td><\/tr><\/table><\/div><\/div>[\/vc_column_inner][vc_column_inner width=\u00bb1\/3&#8243;]<div class=\"q_image_with_text_over\"><div class=\"shader\" ><\/div><img itemprop=\"image\" src=\"https:\/\/fundarte.us\/wp-content\/uploads\/2017\/06\/Chiflo\u0301n-the-Silence-of-Coal-by-Silencio-Blanco-e1498592853835.jpg\" alt=\"\" \/><div class=\"text\"><table><tr><td><h2 class=\"caption no_icon\" style=\"\"><\/h2><\/td><\/tr><\/table><table><tr><td><div class=\"desc\"><a href=\"https:\/\/fundarte.us\/es\/fundarte-event\/chiflon-el-silencio-del-carbon-de-la-compania-de-teatro-silencio-blanco\/\"><strong>Chifl\u00f3n el Silencio del carb\u00f3n, de Teatro Blanco<\/strong><\/a><\/div><\/td><\/tr><\/table><\/div><\/div>[\/vc_column_inner][vc_column_inner width=\u00bb1\/3&#8243;]<div class=\"q_image_with_text_over\"><div class=\"shader\" ><\/div><img itemprop=\"image\" src=\"https:\/\/fundarte.us\/wp-content\/uploads\/2018\/07\/Flamenco-Rave-C.jpg\" alt=\"\" \/><div class=\"text\"><table><tr><td><h2 class=\"caption no_icon\" style=\"\"><\/h2><\/td><\/tr><\/table><table><tr><td><div class=\"desc\"><a href=\"https:\/\/www.youtube.com\/watch?v=tQ-2ugKTNGw&amp;t=1s\">Rave flamenco I <\/a><\/div><\/td><\/tr><\/table><\/div><\/div>[\/vc_column_inner][\/vc_row_inner][vc_separator type=\u00bbtransparent\u00bb up=\u00bb50&#8243; down=\u00bb0&#8243;][\/vc_column][\/vc_row][vc_row row_type=\u00bbrow\u00bb use_row_as_full_screen_section=\u00bbno\u00bb type=\u00bbgrid\u00bb angled_section=\u00bbno\u00bb text_align=\u00bbleft\u00bb background_image_as_pattern=\u00bbwithout_pattern\u00bb padding_top=\u00bb10&#8243; padding_bottom=\u00bb0&#8243; css_animation=\u00bb\u00bb][vc_column][vc_column_text]<\/p>\n<h2 class=\"entry_title\" style=\"text-align: center;\"><\/h2>\n<p>[\/vc_column_text][vc_separator type=\u00bbtransparent\u00bb thickness=\u00bb2&#8243; down=\u00bb50&#8243;][vc_separator type=\u00bbnormal\u00bb color=\u00bb#e9dcda\u00bb thickness=\u00bb2&#8243; up=\u00bb50&#8243; down=\u00bb34&#8243;][\/vc_column][\/vc_row]<\/p>\n<\/div>","protected":false},"excerpt":{"rendered":"<p>[vc_row row_type=\u00bbrow\u00bb use_row_as_full_screen_section=\u00bbno\u00bb type=\u00bbgrid\u00bb angled_section=\u00bbno\u00bb text_align=\u00bbleft\u00bb background_image_as_pattern=\u00bbwithout_pattern\u00bb css_animation=\u00bb\u00bb][vc_column][vc_empty_space][rev_slider_vc alias=\u00bbslider-1&#8243;][vc_separator type=\u00bbnormal\u00bb color=\u00bb#e9dcda\u00bb thickness=\u00bb2&#8243; up=\u00bb40&#8243; down=\u00bb34&#8243;][vc_column_text] FUNDarte [\/vc_column_text][vc_separator type=\u00bbtransparent\u00bb down=\u00bb30&#8243;][vc_column_text] FUNDarte is a Miami-based cultural incubator that links our community to the world.\u00a0 Every year, we present an array of concerts, plays, dance performances, films and visual&#8230;<\/p>\n","protected":false},"author":1,"featured_media":0,"parent":0,"menu_order":164,"comment_status":"closed","ping_status":"closed","template":"full_width.php","meta":{"footnotes":""},"categories":[],"class_list":["post-16864","page","type-page","status-publish","hentry"],"_links":{"self":[{"href":"https:\/\/fundarte.us\/es\/wp-json\/wp\/v2\/pages\/16864","targetHints":{"allow":["GET"]}}],"collection":[{"href":"https:\/\/fundarte.us\/es\/wp-json\/wp\/v2\/pages"}],"about":[{"href":"https:\/\/fundarte.us\/es\/wp-json\/wp\/v2\/types\/page"}],"author":[{"embeddable":true,"href":"https:\/\/fundarte.us\/es\/wp-json\/wp\/v2\/users\/1"}],"replies":[{"embeddable":true,"href":"https:\/\/fundarte.us\/es\/wp-json\/wp\/v2\/comments?post=16864"}],"version-history":[{"count":85,"href":"https:\/\/fundarte.us\/es\/wp-json\/wp\/v2\/pages\/16864\/revisions"}],"predecessor-version":[{"id":22756,"href":"https:\/\/fundarte.us\/es\/wp-json\/wp\/v2\/pages\/16864\/revisions\/22756"}],"wp:attachment":[{"href":"https:\/\/fundarte.us\/es\/wp-json\/wp\/v2\/media?parent=16864"}],"wp:term":[{"taxonomy":"category","embeddable":true,"href":"https:\/\/fundarte.us\/es\/wp-json\/wp\/v2\/categories?post=16864"}],"curies":[{"name":"wp","href":"https:\/\/api.w.org\/{rel}","templated":true}]}}