{"id":19769,"date":"2020-08-25T12:18:47","date_gmt":"2020-08-25T12:18:47","guid":{"rendered":"http:\/\/fundarte.us\/zunzun-childrens-fest-2\/"},"modified":"2024-04-29T15:09:06","modified_gmt":"2024-04-29T15:09:06","slug":"zunzun-childrens-fest-2","status":"publish","type":"page","link":"https:\/\/fundarte.us\/es\/zunzun-childrens-fest-2\/","title":{"rendered":"ZunZ\u00fan Children\u2019s Fest"},"content":{"rendered":"<div class=\"wpb-content-wrapper\"><p>[vc_row css_animation=\u00bb\u00bb row_type=\u00bbrow\u00bb use_row_as_full_screen_section=\u00bbno\u00bb type=\u00bbfull_width\u00bb angled_section=\u00bbno\u00bb text_align=\u00bbleft\u00bb background_image_as_pattern=\u00bbwithout_pattern\u00bb][vc_column][vc_media_grid grid_id=\u00bbvc_gid:1714403246929-8e61dc2d-40d1-1&#8243; include=\u00bb24037,23723,23716&#8243;][vc_column_text]<\/p>\n<h1 style=\"text-align: center;\"><\/h1>\n<h1 style=\"text-align: center;\"><strong><img fetchpriority=\"high\" decoding=\"async\" class=\"wp-image-24343 aligncenter\" src=\"https:\/\/fundarte.us\/wp-content\/uploads\/2024\/04\/NO-BORDERS-4-300x68.png\" alt=\"\" width=\"494\" height=\"112\" srcset=\"https:\/\/fundarte.us\/wp-content\/uploads\/2024\/04\/NO-BORDERS-4-300x68.png 300w, https:\/\/fundarte.us\/wp-content\/uploads\/2024\/04\/NO-BORDERS-4-1024x233.png 1024w, https:\/\/fundarte.us\/wp-content\/uploads\/2024\/04\/NO-BORDERS-4-768x175.png 768w, https:\/\/fundarte.us\/wp-content\/uploads\/2024\/04\/NO-BORDERS-4-1536x349.png 1536w, https:\/\/fundarte.us\/wp-content\/uploads\/2024\/04\/NO-BORDERS-4-2048x466.png 2048w, https:\/\/fundarte.us\/wp-content\/uploads\/2024\/04\/NO-BORDERS-4-700x159.png 700w\" sizes=\"(max-width: 494px) 100vw, 494px\" \/><\/strong><\/h1>\n<h1 style=\"text-align: center;\"><\/h1>\n<p>&nbsp;<\/p>\n<h2><strong>2023-2024<\/strong><\/h2>\n<p>* Mucical Concert &#8211; <strong>ZunZ\u00fan Children\u2019s Fest VIII.<\/strong>\u00a0<strong><i>La escuela encantada <\/i>by Rosal\u00eda Mowgli<\/strong><b>. <\/b>\u00a0October 1, 2023. 2:00 p.m. Miami Dade County Auditorium.<\/p>\n<p>* Mucical Concert &#8211; <strong>ZunZ\u00fan Children\u2019s Fest VIII. <em>Act\u00edvate<\/em> by 123 Andr\u00e9s<\/strong><b>. <\/b>\u00a0October 1, 2023. 7:00 p.m. Miami Beach Bandshell<\/p>\n<p>*\u00a0Multidisciplinary &#8211;\u00a0<strong>ZunZ\u00fan Children\u2019s Fest VIII.<\/strong>\u00a0<b><em>Little Night<\/em> by Imaginart<\/b>\u00a0 October 7, 2023. 2:00 p.m. Miami Dade County Auditorium<\/p>\n<p>* Theatre &#8211; <strong>ZunZ\u00fan Children\u2019s Fest VIII.<\/strong>\u00a0<b><i>Miedo Come Todo&#8230; sue\u00f1os al vuelo <\/i>by Flores Teatro Danza. <\/b>\u00a0October 7, 2023. 7:00 p.m. Miami Dade County Auditorium<\/p>\n<p>* Musical Theatre &#8211; <strong>ZunZ\u00fan Children\u2019s Fest VIII.<\/strong><a href=\"https:\/\/fundarte.us\/fundarte-event\/zunzun-children-and-youth-fest-2022-copy\/\"> <strong><em>Insectos y Bicharracos<\/em><\/strong> by <strong>Rita Rosa Ruesga <\/strong>with costume and set design by Celia Led\u00f3n, artistic direction by Eddy D\u00edaz Souza, and the general production by FUNDarte.<\/a> October 13, 2023. 7:00 p.m. Aventura Arts and Cultural Center<\/p>\n<p>&nbsp;<\/p>\n<h2><strong>2022-2023<\/strong><\/h2>\n<p>* Musical Theatre &#8211; <strong>ZunZ\u00fan Children\u2019s Fest VII.<\/strong><a href=\"https:\/\/fundarte.us\/fundarte-event\/zunzun-children-and-youth-fest-2022-copy\/\"> <strong><em>Insectos y Bicharracos<\/em><\/strong> by <strong>Rita Rosa Ruesga <\/strong>with costume and set design by Celia Led\u00f3n, artistic direction by Eddy D\u00edaz Souza, and the general production by FUNDarte.<\/a> October 2, 2022. 7:00 p.m. Miami Beach Bandshell.<\/p>\n<p>*\u00a0Multidisciplinary &#8211;\u00a0<strong>ZunZ\u00fan Children\u2019s Fest VII.<\/strong> <a href=\"https:\/\/fundarte.us\/fundarte-event\/zunzun-children-and-youth-fest-2022\/\"><b>Concerts by Lydia Botana and Lucy Kalantari and the Jazz Cats, Book Presentations, Illustration Exhibitions and more<\/b>.<\/a>\u00a0 October 1, 2022. 2:00 p.m. Miami Dade County Auditorium.<\/p>\n<p>&nbsp;<\/p>\n<h2><strong>2021-2022<\/strong><\/h2>\n<p>* Musical Theatre &#8211; <strong>ZunZ\u00fan Children\u2019s Fest VII.<\/strong><a href=\"https:\/\/fundarte.us\/fundarte-event\/zunzun-childrens-fest-2021\/\"> <strong><em>Insectos y Bicharracos<\/em><\/strong> by <strong>Rita Rosa Ruesga <\/strong>with the costume and set design by Celia Led\u00f3n, artistic direction by Eddy D\u00edaz Souza, and the general production by FUNDarte.<\/a> October 2, 2021. 2:00 p.m. Miami Dade County Auditorium.<\/p>\n<p>*\u00a0Multidisciplinary &#8211;\u00a0<strong>ZunZ\u00fan Children\u2019s Fest VII.<\/strong> <a href=\"https:\/\/fundarte.us\/fundarte-event\/zunzun-childrens-fest-2021\/\"><strong>My Folk Life<\/strong> by <strong>Nallely Ponce<\/strong> <span class=\"s2\">presenting<\/span><span class=\"s2\">\u00a0<\/span>Traditional Regional Mexican Dances featuring Ballet Folklorico Azteca accompanied with Mariachi Voces de America, a Pre-Hispanic Azteca Performance Presented by \u2018Tloke Nahuake\u2019 and a special appearance of las Catrinas \u2018Mariposa &amp; Rainbow\u2019 by the Puppet Network from the Day of the Dead celebration!.<\/a>\u00a0 October 2, 2021. 2:00 p.m. Miami Dade County Auditorium.<\/p>\n<p>&nbsp;<\/p>\n<p>&nbsp;<\/p>\n<h2><strong>2020-2021\u00a0<\/strong><\/h2>\n<p>* Music <strong>&#8211; ZunZ\u00fan Children\u2019s Fest VI.<\/strong> <a href=\"https:\/\/fundarte.us\/fundarte-event\/live-launch-of-color-caribe-songbook\/\"><strong>Live Launch of <em>Color Caribe<\/em> Songbook! <\/strong><\/a>Acoustic Concert featuring Rita Rosa Ruesga, Pavel Urkiza, and Inez Barlatier and acting by Leandro Peraza. March 14, 2021. 3:00 p.m. Miami-Dade County Auditorium.<strong><br \/>\n<\/strong><\/p>\n<p>* Multidisciplinary<strong> &#8211; ZunZ\u00fan Children\u2019s Fest VI. <a href=\"https:\/\/fundarte.us\/fundarte-event\/zunzun-childrens-fest-2020\/\">Virtual presentation and book launch of Color Caribe<\/a><\/strong>, a downloadable songbook illustrated by Soledad Sebasti\u00e1n (Santiago de Chile), Claudia Navarro (Mexico City), Jorge Luis Mendoza (Miami), Valerio (Nevia), Omar Santana (New Jersey), and Marcos Men\u00e9ndez (Miami). Music by Lucky D\u00edaz (Los Angeles), Lucy Kalantary (New York), 123Andr\u00e9s (Washington DC), Jesse Bisceglia (Upstate), Eddy D\u00edaz (Miami), Hector Pepo Herrera (Miami), Mar\u00eda del Sol Peralta (Bogota), Zulema de Prado (Malaga), Aldo M\u00e9ndez (Ciudad Real), Inez Barlatier (Miami), Carlos Cano (Madrid), Jordi Tonietti (Barcelona), Pavel Urkiza (Miami), and Rita Rosa Ruesga (Miami). October 11, 2020. 11:00 a.m. www.FUNDarte.us Miami Beach.<\/p>\n<p>* Workshop &#8211; <a href=\"https:\/\/fundarte.us\/fundarte-event\/zunzun-childrens-fest-2020\/\"><strong>Virtual Premiere of Mundo de Libros by Soledad Sebasti\u00e1n<\/strong><\/a><strong>.<\/strong> Oct 11, 2020. 11:15 a.m. www.FUNDarte.us Miami Beach.<\/p>\n<p>* Workshop &#8211; <a href=\"https:\/\/fundarte.us\/fundarte-event\/zunzun-childrens-fest-2020\/\"><strong>Virtual Premiere of Nursery Rhymes by Sergio Andrica\u00edn<\/strong><\/a>. Oct 11, 2020. 11:15 a.m. www.FUNDarte.us Miami Beach.<\/p>\n<p>* Workshop &#8211; <a href=\"https:\/\/fundarte.us\/fundarte-event\/zunzun-childrens-fest-2020\/\"><strong>Virtual Premiere of Illustration for Children by Valerio<\/strong><\/a>. Oct 11, 2020. 11:15 a.m. www.FUNDarte.us Miami Beach.<\/p>\n<p>&nbsp;<\/p>\n<p>&nbsp;<\/p>\n<h2><strong>2019-2020<\/strong><\/h2>\n<p>* Music &#8211; <strong>ZunZ\u00fan Children\u2019s Fest V<\/strong>. Free Event featuring: <strong><a href=\"https:\/\/fundarte.us\/fundarte-event\/zunzun-childrens-fest-2019-v-anniversary\/\">Orchestral Music by Musicall &amp; Songs and Stories by Rita Rosa Ruesga (Miami)<\/a><\/strong>. Oct 4 &amp; 5, 2019. 2:00 p.m. Miami-Dade County Auditorium.<\/p>\n<p>&nbsp;<\/p>\n<p>&nbsp;<\/p>\n<h2><strong>2018-2019<\/strong><\/h2>\n<p>* Theater &#8211; <strong>ZunZ\u00fan Children\u2019s Fest IV<\/strong>. <strong><a href=\"https:\/\/fundarte.us\/fundarte-event\/zunzun-childrens-fest-2018-2\/\"><em>Martina, The Little Roach<\/em> by Teatro SEA (New York)<\/a><\/strong>. Oct 5 &amp; 6, 2018. 4:00 p.m. Miami-Dade County Auditorium.<\/p>\n<p>* Theater &#8211; <strong>ZunZ\u00fan Children\u2019s Fest IV. <a href=\"https:\/\/fundarte.us\/fundarte-event\/zunzun-childrens-fest-2018-2\/\"><em>El camino del bosque<\/em> by Artefactus Cultural Project.<\/a><\/strong> Oct 5 &amp; 6, 2018. 3:00 p.m. Miami-Dade County Auditorium.<\/p>\n<p>* Music &#8211; <strong>ZunZ\u00fan Children\u2019s Fest IV. <a href=\"https:\/\/fundarte.us\/fundarte-event\/zunzun-childrens-fest-2018-2\/\"><em>Canciones para Ni\u00f1os<\/em> by Rita Rosa Ruesga.<\/a><\/strong> Oct 5 &amp; 6, 2018. 2:30 p.m. Miami-Dade County Auditorium.<\/p>\n<p>* Film &#8211; <strong>ZunZ\u00fan Children\u2019s Fest IV. <a href=\"https:\/\/fundarte.us\/fundarte-event\/zunzun-childrens-fest-2018-2\/\"><em>T\u00edteres: Puppetry in the Caribbean<\/em> by Manuel A. Moran and Kristian Otero Mor\u00e1n (New York\/Puerto Rico)<\/a><\/strong>. Oct 5 &amp; 6, 2018. 2:00 p.m. Miami-Dade County Auditorium.<\/p>\n<p>* Workshop &#8211; <strong>ZunZ\u00fan Children\u2019s Fest IV<\/strong>. <strong><a href=\"https:\/\/fundarte.us\/fundarte-event\/zunzun-childrens-fest-2018-2\/\">Artist Residency for K-5 students by Teatro SEA (New York)<\/a><\/strong>. Oct 5, 2018. 12:00 p.m. Biscayne Elementary Community School, Miami Beach.<\/p>\n<p>&nbsp;<\/p>\n<p>&nbsp;<\/p>\n<h2><strong>2017-2018<\/strong><\/h2>\n<p>* Music &#8211; <strong>ZunZ\u00fan Children\u2019s Fest III<\/strong>. <strong><a href=\"https:\/\/fundarte.us\/fundarte-event\/zun-zun-childrens-fest-2017\/\"><em>Concert for Youth and Children<\/em> featuring local artists such as Rita Rosa Ruesga, Nicolas Tovar, Yusa, AnaB\u00e9, Lluvia, Inez Barlatier, and visiting artists Maria del Sol Peralta and Luis Aljure (Colombia)<\/a><\/strong>. Oct 1, 2017. 3:00 p.m. On.Stage Black.Box at Miami-Dade County Auditorium.<\/p>\n<p>* Theater &#8211; <strong>ZunZ\u00fan Children\u2019s Fest III<\/strong>. <strong><a href=\"https:\/\/fundarte.us\/fundarte-event\/zun-zun-childrens-fest-2017\/\"><em>iWant<\/em> by Yerandy Basart, Alegnis Castillo, Elizabeth San Miguel and Javier Fano<\/a><\/strong>. Oct 1, 2017. 2:00 p.m. On.Stage Black.Box at Miami-Dade County Auditorium.<\/p>\n<p>&nbsp;<\/p>\n<p>&nbsp;<\/p>\n<h2><strong>2016-2017<\/strong><\/h2>\n<p>* Music &#8211; <strong>ZunZ\u00fan Children&#8217;s Fest II<\/strong>. <strong><a href=\"https:\/\/fundarte.us\/fundarte-event\/zun-zun-children-fest-2016\/\"><em>Rita Rosa Ruesga and Company in concert<\/em><\/a><\/strong>. Oct 1, 2016. 5:00 p.m. On.Stage Black.Box at Miami-Dade County Auditorium.<\/p>\n<p>* Music &#8211; <strong>ZunZ\u00fan<\/strong><strong> Children&#8217;s Fest II<\/strong>. <strong><a href=\"https:\/\/fundarte.us\/fundarte-event\/zun-zun-children-fest-2016\/\"><em>Robbi Kumalo in concert<\/em><\/a><\/strong>. Oct 1, 2016. 4:00 p.m. On.Stage Black.Box at Miami-Dade County Auditorium.<\/p>\n<p>* Music &#8211; <strong>ZunZ\u00fan Children&#8217;s Fest II<\/strong>.<strong><a href=\"https:\/\/fundarte.us\/fundarte-event\/zun-zun-children-fest-2016\/\"><em> Lucy Kalantari in concert<\/em>.<\/a> <\/strong>Oct 1, 2016. 3:00 p.m. On.Stage Black Box at Miami-Dade County Auditorium.<\/p>\n<p>* Theater &#8211; <strong>ZunZ\u00fan Children&#8217;s Fest II<\/strong>. <a href=\"https:\/\/fundarte.us\/fundarte-event\/zun-zun-children-fest-2016\/\"><em><strong>My Superhero Roberto Clemente<\/strong><\/em><strong> by Teatro SEA<\/strong><\/a><strong>.<\/strong> Oct 1, 2016. 2:00 p.m. On.Stage Black.Box at Miami-Dade County Auditorium.<\/p>\n<p>* Music\/Theatre &#8211; <strong>ZunZ\u00fan Children&#8217;s Fest II<\/strong>.<strong> <a href=\"https:\/\/fundarte.us\/fundarte-event\/zun-zun-children-fest-2016\/\"><em>Rita Rosa Ruesga in concert<\/em> and the play <em>My Superhero Roberto Clemente<\/em> by Teatro SEA for school children<\/a><\/strong>. Sep 30, 2016. 10:00 a.m. Mid Stage at Miami-Dade County Auditorium.<\/p>\n<p>&nbsp;<\/p>\n<p>&nbsp;<\/p>\n<h2><strong>2015-2016<\/strong><\/h2>\n<p>* Puppetry &#8211; <strong>ZunZ\u00fan Children&#8217;s Fest I<\/strong>. <strong><a href=\"https:\/\/fundarte.us\/fundarte-event\/childrens-art-gala-zun-zun-children-fest-2015\/\"><em>El Patico Feo<\/em> by Teatro de las Estaciones<\/a><\/strong>. Oct 2 &amp; 3, 2015. 4:30 p.m. On.Stage Black.Box at Miami-Dade County Auditorium.<\/p>\n<p>* Music\/Theatre &#8211; <strong>ZunZ\u00fan Children Fest I<\/strong>. <a href=\"https:\/\/fundarte.us\/fundarte-event\/childrens-art-gala-zun-zun-children-fest-2015\/\"><strong>Rumba Flora by Rita Rosa Ruesga and Company. Oct 2 &amp; 3, 2015. 2:30 p.m.<\/strong><\/a> On.Stage Black.Box at Miami-Dade County Auditorium.<\/p>\n<p>* Musical &#8211; <strong>ZunZ\u00fan Children&#8217;s Fest I<\/strong>. <strong><a href=\"https:\/\/fundarte.us\/fundarte-event\/childrens-art-gala-zun-zun-children-fest-2015\/\"><em>As I Sing It, So I Tell It<\/em>, by Jordi Tonietti and Company<\/a><\/strong>. Oct 2 &amp; 3, 2015. 3:30 p.m. On.Stage Black.Box at Miami-Dade County Auditorium.<\/p>\n<p>&nbsp;<\/p>\n<p>&nbsp;<\/p>\n<p>[\/vc_column_text][\/vc_column][\/vc_row][vc_row css_animation=\u00bb\u00bb row_type=\u00bbrow\u00bb use_row_as_full_screen_section=\u00bbno\u00bb type=\u00bbfull_width\u00bb angled_section=\u00bbno\u00bb text_align=\u00bbleft\u00bb background_image_as_pattern=\u00bbwithout_pattern\u00bb][vc_column][\/vc_column][\/vc_row]<\/p>\n<\/div>","protected":false},"excerpt":{"rendered":"<p>[vc_row css_animation=\u00bb\u00bb row_type=\u00bbrow\u00bb use_row_as_full_screen_section=\u00bbno\u00bb type=\u00bbfull_width\u00bb angled_section=\u00bbno\u00bb text_align=\u00bbleft\u00bb background_image_as_pattern=\u00bbwithout_pattern\u00bb][vc_column][vc_media_grid grid_id=\u00bbvc_gid:1714403246929-8e61dc2d-40d1-1&#8243; include=\u00bb24037,23723,23716&#8243;][vc_column_text] &nbsp; 2023-2024 * Mucical Concert &#8211; ZunZ\u00fan Children\u2019s Fest VIII.\u00a0La escuela encantada by Rosal\u00eda Mowgli. \u00a0October 1, 2023. 2:00 p.m. Miami Dade County Auditorium. * Mucical Concert &#8211; ZunZ\u00fan Children\u2019s Fest VIII. Act\u00edvate by 123&#8230;<\/p>\n","protected":false},"author":5,"featured_media":0,"parent":0,"menu_order":0,"comment_status":"closed","ping_status":"closed","template":"","meta":{"footnotes":""},"categories":[],"class_list":["post-19769","page","type-page","status-publish","hentry"],"_links":{"self":[{"href":"https:\/\/fundarte.us\/es\/wp-json\/wp\/v2\/pages\/19769","targetHints":{"allow":["GET"]}}],"collection":[{"href":"https:\/\/fundarte.us\/es\/wp-json\/wp\/v2\/pages"}],"about":[{"href":"https:\/\/fundarte.us\/es\/wp-json\/wp\/v2\/types\/page"}],"author":[{"embeddable":true,"href":"https:\/\/fundarte.us\/es\/wp-json\/wp\/v2\/users\/5"}],"replies":[{"embeddable":true,"href":"https:\/\/fundarte.us\/es\/wp-json\/wp\/v2\/comments?post=19769"}],"version-history":[{"count":5,"href":"https:\/\/fundarte.us\/es\/wp-json\/wp\/v2\/pages\/19769\/revisions"}],"predecessor-version":[{"id":24369,"href":"https:\/\/fundarte.us\/es\/wp-json\/wp\/v2\/pages\/19769\/revisions\/24369"}],"wp:attachment":[{"href":"https:\/\/fundarte.us\/es\/wp-json\/wp\/v2\/media?parent=19769"}],"wp:term":[{"taxonomy":"category","embeddable":true,"href":"https:\/\/fundarte.us\/es\/wp-json\/wp\/v2\/categories?post=19769"}],"curies":[{"name":"wp","href":"https:\/\/api.w.org\/{rel}","templated":true}]}}