{"id":19771,"date":"2020-08-25T12:18:47","date_gmt":"2020-08-25T12:18:47","guid":{"rendered":"http:\/\/fundarte.us\/no-borders\/"},"modified":"2024-04-29T15:15:23","modified_gmt":"2024-04-29T15:15:23","slug":"no-borders","status":"publish","type":"page","link":"https:\/\/fundarte.us\/es\/no-borders\/","title":{"rendered":"No Borders"},"content":{"rendered":"<div class=\"wpb-content-wrapper\"><p>[vc_row css_animation=\u00bb\u00bb row_type=\u00bbrow\u00bb use_row_as_full_screen_section=\u00bbno\u00bb type=\u00bbfull_width\u00bb angled_section=\u00bbno\u00bb text_align=\u00bbleft\u00bb background_image_as_pattern=\u00bbwithout_pattern\u00bb][vc_column][vc_media_grid grid_id=\u00bbvc_gid:1714403577754-bea107dc-1699-0&#8243; include=\u00bb24129,23233,23162&#8243;][vc_column_text]<\/p>\n<h1><strong><img fetchpriority=\"high\" decoding=\"async\" class=\"wp-image-23943 aligncenter\" src=\"https:\/\/fundarte.us\/wp-content\/uploads\/2024\/03\/NO-BORDERS-300x68.png\" alt=\"\" width=\"494\" height=\"112\" srcset=\"https:\/\/fundarte.us\/wp-content\/uploads\/2024\/03\/NO-BORDERS-300x68.png 300w, https:\/\/fundarte.us\/wp-content\/uploads\/2024\/03\/NO-BORDERS-1024x233.png 1024w, https:\/\/fundarte.us\/wp-content\/uploads\/2024\/03\/NO-BORDERS-768x175.png 768w, https:\/\/fundarte.us\/wp-content\/uploads\/2024\/03\/NO-BORDERS-1536x349.png 1536w, https:\/\/fundarte.us\/wp-content\/uploads\/2024\/03\/NO-BORDERS-2048x466.png 2048w, https:\/\/fundarte.us\/wp-content\/uploads\/2024\/03\/NO-BORDERS-700x159.png 700w\" sizes=\"(max-width: 494px) 100vw, 494px\" \/><\/strong><\/h1>\n<blockquote>\n<h4 style=\"text-align: center;\"><strong>No Borders showcases other international voices, bringing the most challenging and exciting work from around the world to delight and culturally inform Miami audiences.<\/strong><\/h4>\n<\/blockquote>\n<p>&nbsp;<\/p>\n<h2><strong>No Borders (2023-2024)<\/strong><\/h2>\n<p>* Theatre &#8211; <strong>No Borders<\/strong>. <b>Celestina by Teatro El P\u00fablico.<\/b> January, 26,27 &amp; 28, 2024. 8:00 p.m. Mid- Satge at the Miami-Dade County Auditorium.<\/p>\n<p>&nbsp;<\/p>\n<h2><strong>No Borders (2022-2023)<\/strong><\/h2>\n<p>* Master Class &#8211; <strong>No Borders<\/strong>. <strong><a href=\"https:\/\/fundarte.us\/fundarte-event\/alejandra\/\">Flamenco Masterclass with Luc\u00eda Ruibal<\/a><\/strong>. November 4, 2022. 7:00 p.m. Black.Box Miami-Dade County Auditorium.<\/p>\n<p>* Dance\/Music &#8211; <strong>No Borders<\/strong>. <a href=\"https:\/\/fundarte.us\/fundarte-event\/alejandra\/\"><strong>Alejandra, by Jos\u00e9 Almarcha with Luc\u00eda Ruibal. Presented by Flamenco Spain Arts and Culture (ex Casa Patas) .<\/strong><\/a> November 5, 2022. 8:00 p.m. November 6, 2022. 3:00 p.m. Mid-Stage at Miami-Dade County Auditorium.<\/p>\n<p>* Dance &#8211; <strong>No Borders<\/strong>. <a href=\"https:\/\/fundarte.us\/fundarte-event\/companhiaurbana\/\"><strong><em>5 Passos pra n\u00e3o cair no abismo <\/em>by Companhia Urbana de Dan\u00e7a directed by Sonia Destri Lie<\/strong><\/a>. Mar 11 &#8211; 12, 2023. 8:00 p.m. On.Stage Black.Box at Miami-Dade County Auditorium.<\/p>\n<p>* Workshop &#8211; <strong>No Borders<\/strong>. <a href=\"https:\/\/fundarte.us\/fundarte-event\/companhiaurbana\/\"><strong>Free Master Class for local dancers by Brazilian choreographer Sonia Destri Lie with the collaboration of Miamibloco<\/strong><\/a>. Mar 13, 2023. 7:00 p.m. Miami Beach Bandshell.<\/p>\n<p>* Workshop &#8211; <strong>No Borders<\/strong>. <strong><a href=\"https:\/\/fundarte.us\/fundarte-event\/bereishit\/\">Free two Advanced Contemporary Dance Master Classes by Park Soonho. Bereishit Dance Company<\/a><\/strong>. March 27 -28, 2023. 6:00 p.m. at YoungArts.<\/p>\n<p><strong>* <\/strong>Dance \u2013 <strong>No Borders. <a href=\"https:\/\/fundarte.us\/fundarte-event\/bereishit\/\"><em>Balance &amp; Imbalance<\/em> and <em>Judo<\/em> by Bereishit Dance Company (South Korea) under the direction of the choreographer Soon-ho Park<\/a><\/strong>. March 31, 2023 &amp; April 1, 2023. 8:00 p.m. at Mid Stage at Miami-Dade County Auditorium.<\/p>\n<p>&nbsp;<\/p>\n<h2><strong>No Borders (2021-2022)<\/strong><\/h2>\n<p>* Dance\/Music &#8211; <strong>No Borders<\/strong>. <a href=\"https:\/\/fundarte.us\/fundarte-event\/de-paso-by-casa-patas-flamenco\/\"><strong>De Paso, by Casa Patas Flamenco Foundation &amp; Conservatory featuring Sara P\u00e9rez and Rub\u00e9n Puertas.<\/strong><\/a> November 6, 2021. 8:00 p.m. November 7, 2021. 3:00 p.m. Mid-Stage at Miami-Dade County Auditorium.<\/p>\n<p>* Master Class &#8211; <strong>No Borders<\/strong>. <strong><a href=\"https:\/\/fundarte.us\/fundarte-event\/de-paso-by-casa-patas-flamenco\/\">Masterclass for local artists with Flamenco Dancer Sara P\u00e9rez<\/a><\/strong>. November 8, 2021. 8:00 p.m. Black.Box Miami-Dade County Auditorium.<\/p>\n<p>* Music &#8211; <strong>No Borders<\/strong>. <strong><a href=\"https:\/\/fundarte.us\/fundarte-event\/feh-ceu\/\"><i>Francisco, El Hombre<\/i><\/a><\/strong>. Jul 16, 2022. 10:00 p.m. Miami Beach Bandshell.<\/p>\n<p>* Music &#8211; <strong>No Borders<\/strong>. <strong><a href=\"https:\/\/fundarte.us\/fundarte-event\/feh-ceu\/\"><i>C\u00e9u in Concert<\/i><\/a><\/strong>. Jul 16, 2022. 8:00 p.m. Miami Beach Bandshell.<\/p>\n<p>&nbsp;<\/p>\n<p>&nbsp;<\/p>\n<h2><strong>No Borders (2020-2021)<\/strong><\/h2>\n<p>* Film <b>\u2013 <\/b><strong>No Borders.<\/strong> <a title=\"Remembering Jos&amp;eacute; Barrios!\" href=\"https:\/\/fundarte.us\/fundarte-event\/remembering-jose-barrios\/\" target=\"_blank\" rel=\"noopener\"><b>Remembering Jos\u00e9 Barrios!<\/b><\/a> <em>in-person<\/em> premiere of the videos <em>A solas con Jos\u00e9 Barrios<\/em>, and <em>In memoriam<\/em>. September 26,\u00a0 2021. 5:30 p.m.North Beach Bandshell.<\/p>\n<p>* Film <b>\u2013 <\/b><strong>No Borders.<\/strong> <a title=\"Remembering Jos&amp;eacute; Barrios!\" href=\"https:\/\/fundarte.us\/fundarte-event\/remembering-jose-barrios\/\" target=\"_blank\" rel=\"noopener\"><b>Remembering Jos\u00e9 Barrios!<\/b><\/a> Double digital premiere of the works <em>A solas con Jos\u00e9 Barrios<\/em>, and <em>In memoriam<\/em>. July 11, 2021. 5:30 p.m. Casa Patas\u2019s YouTube channel, and FUNDarte\u2019s Facebook page.<\/p>\n<p>* Dance <strong>\u2013\u00a0<\/strong> <strong>No Borders.<\/strong> <a href=\"https:\/\/fundarte.us\/fundarte-event\/siudy-flamenco-intimo\/\"><strong>Siudy Flamenco: Intimo by Siudy Garrido<\/strong><\/a>. March 27, 2021. 4:00 p.m. South Miami-Dade Cultural Arts Center Backyard Concert Lawn and Plaza<\/p>\n<p>* Film <b>\u2013 <\/b><strong>No Borders. <a href=\"https:\/\/fundarte.us\/fundarte-event\/digital-premiere-of-sharing-grandmothers\/\">Digital premiere of <em>Sharing Grandmothers<\/em> featuring Inez Barlatier (Miami) and LORNOAR (Cameroon)<\/a>. <\/strong>September 30, 2021. 7:00 p.m. FUNDarte\u2019s YouTube channel &amp; Facebook page.<\/p>\n<p>&nbsp;<\/p>\n<p>&nbsp;<\/p>\n<h2><strong>No Borders (2019-2020)<\/strong><\/h2>\n<p><strong>\u00a0<\/strong>* Master Class &#8211; Rafael Peral and Marisa Adame on flamenco dance technique. Nov 8, 2019. 8:00 p.m. Miami-Dade County Auditorium.<\/p>\n<p>* Dance\/Music &#8211; <em>RAIZ DE 4<\/em> by Casa Patas Flamenco Foundation featuring Rafael Peral and Marisa Adame. (Spain). Nov 9 &amp; 10, 2019. 8:00 p.m. Mid Stage at Miami-Dade County Auditorium.<\/p>\n<p>* Music &#8211; <em>Issac Delgado in Concert<\/em> co-presented with The Rhythm Foundation. Nov 30, 2019. 8:00 p.m. North Beach Bandshell.<\/p>\n<p>* Workshop\u00a0&#8211; Free Workshop for local artists by Director Aline Kuppenheim and Teatro y Su Doble, Jan 24, 2020. 7:00 p.m. Miami-Dade County Auditorium.<\/p>\n<p>* Theater &#8211; <em>FEOS<\/em> by Teatro y Su Doble (Chile). Jan 25 &amp; 26, 2020. 8:30 p.m. On.Stage Black.Box at Miami-Dade County Auditorium.<\/p>\n<p>&nbsp;<\/p>\n<p>&nbsp;<\/p>\n<h2><strong>No Borders (2018-2019)<\/strong><\/h2>\n<p><strong>\u00a0<\/strong>* Theater &#8211; Dramatized reading of <em>Entre 2 Aguas<\/em> by actors Carmen Mayordomo and Pilar Massa. Sep 30, 2018. 1:00 p.m. El Umbral de Primavera Theater, Madrid (Spain).<\/p>\n<p>* Master Class &#8211; Free master class by Juan Carrillo Director of Los Colochos Teatro (Mexico). Oct 9, 2018. 7:00 p.m. Miami-Dade County Auditorium.<\/p>\n<p>* Theater &#8211; <em>Mendoza<\/em> by Los Colochos Teatro (Mexico). Oct 11 &amp; 12, 2018. 8:30 p.m. On.Stage Black.Box Theater at Miami-Dade County Auditorium.<\/p>\n<p>* Workshop &#8211; Meet and Greet with Jose Barrios and Casa Patas Flamenco Foundation. Nov 2, 2018. 8:30 p.m. Cava Tablao Restaurant. Miami.<\/p>\n<p>* Dance\/Music &#8211; <em>Reditum<\/em> by Casa Patas Flamenco Foundation featuring Jose Barrios. Nov 3 &amp; 4, 2018. 8:30 p.m. Mid Stage at Miami-Dade County Auditorium.<\/p>\n<p>* Workshop &#8211; Free Master Class for local artists by Casa Patas Flamenco Foundation. Nov 5, 2018. 8:00 p.m. Miami-Dade County Auditorium.<\/p>\n<p>* Music -. <em>Flamenco Rave II<\/em> featuring Sergio de Lope, Diego Guerrero, Mar\u00eda Terremoto, Miguel \u00c1ngel Cort\u00e9s, Dani Bonilla and Luc\u00eda \u00c1lvarez \u201cLa Pi\u00f1ona\u201d, among others. Mar 9 &amp; 10, 2019. 8:30 p.m. Mid Stage at Miami-Dade County Auditorium.<\/p>\n<p>&nbsp;<\/p>\n<p>&nbsp;<\/p>\n<h2><strong>No Borders (2017-2018)<\/strong><\/h2>\n<p><strong>\u00a0<\/strong>* Workshop &#8211; Meet and Greet with Anabel Moreno and Casa Patas Flamenco Foundation Company. Nov 3, 2017. 10:00 p.m. Cava Tablao Restaurant. Miami.<\/p>\n<p>* Dance\/Music &#8211; <em>Binomio<\/em> by Casa Patas Flamenco Foundation featuring Anabel Moreno and Francisco Hidalgo. Nov 4 &amp; 5, 2017. 3:00 p.m. Mid Stage at Miami-Dade County Auditorium.<\/p>\n<p>* Workshop <strong>&#8211; <\/strong>Free Master Class for advance students by Casa Patas Flamenco Foundation. Nov 6, 2017. 1:00 p.m. Miami Arts Studio 6-12 at Zelda Glazer.<\/p>\n<p>* Workshop &#8211; The Garifuna Collective with Local Musicians Jan 26, 2018. 6:00 p.m. Mid Stage at Miami-Dade County Auditorium.<\/p>\n<p>* Music &#8211; The Garifuna Collective featuring: UMALALI (Belize, Guatemala and Honduras) Jan 27 &amp; 28, 2018. 8:30 p.m. On.Stage Black.Box Miami-Dade County Auditorium.<\/p>\n<p>* Masterclass &#8211; <em>Music and Women in the Afro-Caribbean Heritage<\/em> by The Garifuna Collective. Jan 29, 2018. 12:30 p.m. Otto G. Richehter Library. University of Miami.<\/p>\n<p>* Music &#8211; <em>Flamenco Rave<\/em> featuring DORANTES, Daniel Casares, Naike y Paquete, and Rosal\u00eda and Raul Refree. Mar 25, 2018. 5:00 p.m. Mid Stage at Miami-Dade County Auditorium.<\/p>\n<p>&nbsp;<\/p>\n<p>&nbsp;<\/p>\n<h2><strong>No Borders (2016-2017)<\/strong><\/h2>\n<p><strong>\u00a0<\/strong>* Workshop &#8211; Meet and Greet with Francsico Hidalgo and company. Nov 4, 2016 &#8211; 9:00 p.m. Cava Tablao Restaurant. Miami.<\/p>\n<p>* Dance &#8211; <em>Los silencios del baile<\/em>, by Casa Patas Flamenco Foundation featuring Francisco Hidalgo. Nov 5 &amp; 6, 2016. 8:30 p.m. Mid Stage at Miami-Dade County Auditorium.<\/p>\n<p>* Workshop &#8211; Free Master Class for advance students by Francisco Hidalgo. Nov 7, 2016. 7:40 a.m. Miami Arts Studio 6-12 @ Zelda Glazer.<\/p>\n<p>* Workshop &#8211; Workshop for young arts students by Silencio Blanco Theatre Company (Chile). Jan 26, 2017. 11:30 a.m. Miami Arts Studio 6-12 at Zelda Glazer.<\/p>\n<p>* Theatre &#8211; <em>Chifl\u00f3n, el silencio del carb\u00f3n<\/em> by Silencio Blanco Theatre Company (Chile). Jan 27 &amp; 28, 2017 On.Stage Black.Box at Miami-Dade County Auditorium.<\/p>\n<p>* Workshop -. Master Class for local artists by Silencio Blanco Theatre Company (Chile). Jan 28, 2017. 12:00 p.m. On.Stage Black.Box at Miami-Dade County Auditorium.<\/p>\n<p>&nbsp;<\/p>\n<p>&nbsp;<\/p>\n<h2><strong>No Borders (2015-2016)<\/strong><\/h2>\n<p><strong>\u00a0<\/strong>* Dance &#8211; <em>Flamenco Frequencies<\/em>, by Casa Patas Flamenco Foundation featuring Karen Lugo. Nov 8, 2015. 7:00 p.m. Mid Stage at Miami-Dade County Auditorium.<\/p>\n<p>* Workshop &#8211; Free workshop for professional dancers and musicians with Karen Lugo by Casa Patas Flamenco Foundation. Nov 9, 2015. 7:00 p.m. On.Stage Black.Box at Miami-Dade County Auditorium.<\/p>\n<p>* Visual Arts &#8211; Co-presented with Centro Cultural Espa\u00f1ol. (Art)xiomas exhibition consists of the works of the following artists: Adri\u00e1n Fern\u00e1ndez, Alex Miguel Due\u00f1as, Gustavo del Valle, Lisandra Ram\u00edrez, Mabel Poblet and Osmeivy Ortega. Nov 12, 2015. 7:00 p.m. Centro Cultural Espa\u00f1ol. Miami.<\/p>\n<p>* Music &#8211; Co-presented with Centro Cultural Espa\u00f1ol. CUBAAHORA<em>. <\/em><em>Zule Guerra and Pianist Alberto Lescay in Concert<\/em>. Nov 13, 2015. 8:00 p.m. Centro Cultural Espa\u00f1ol. Miami.<\/p>\n<p>* Theatre &#8211; <em>Yellow Dream Road<\/em>, written by Rogelio Orizondo, and directed by Carlos Diaz. Nov 19 &#8211; 22, 2015. 8:30 p.m. On.Stage Black.Box at Miami-Dade County Auditorium.<\/p>\n<p>* Theater &#8211; <em>Antigon\u00f3n, un contingente \u00e9pico<\/em>, directed by Carlos Diaz and performed by Teatro El Publico. Jan 27 &#8211; 31, 2016. 8:30 p.m. On.Stage Black.Box at Miami-Dade County Auditorium.<\/p>\n<p>* Dance &#8211; <em>N\u00e9go<\/em> by Companhia Urbana de Dan\u00e7a directed by Sonia Destri Lie. Mar 26, 2016 &#8211; 9:00 p.m. Mid Stage at Miami-Dade County Auditorium.<\/p>\n<p>* Workshop &#8211; Free Master Class for local dancer by Brazilian choreographer Sonia Destri Lie. Mar 28, 2016. 7:00 p.m. On.Stage Black.Box at Miami-Dade County Auditorium.<\/p>\n<p>* Dance &#8211; <em>Chapa Quente<\/em> by Companhia Urbana de Dan\u00e7a directed by Sonia Destri Lie. Mar 29, 2016. 9:00 a.m. Miami-Dade County Auditorium. Free event for public schools.<\/p>\n<p>* Workshop -. Free Master Class and Workshop by Brazilian choreographer Sonia Destri Lie. Mar 29, 2016 2:00 p.m. Nova Southeastern University. Davie.<\/p>\n<p>&nbsp;<\/p>\n<p>&nbsp;<\/p>\n<h2><strong>No Borders (2014-2015)<\/strong><\/h2>\n<p><strong>\u00a0<\/strong>* Music &#8211; <em>Javier Ruibal in Concert<\/em> (Spain) with Oriente Lopez and Sean Kupisc, Oct 19, 2014. 7:00 p.m.\u00a0On.Stage Black.Box at Miami-Dade County Auditorium.<\/p>\n<p>* Workshop &#8211; Free Master Class by Teatro en el Blanco: Trinidad Gonzalez, Jorge Becker. Nov 4,\u00a02014. 7:00 p.m. On.Stage Black.Box at Miami-Dade County Auditorium.<\/p>\n<p>* Theatre &#8211; Teatro en el Blanco (Chile) presents <em>La Reunion<\/em> by Trinidad Gonzalez, Jorge Becker &amp; Tomas Gonzalez. Nov 6 &amp; 7, 2014. 8:30 p.m.\u00a0On.Stage Black.Box at Miami-Dade County Auditorium.<\/p>\n<p>* Dance\/Music &#8211; <em>Plomo y Cobre <\/em>by Casa Patas Flamenco Foundation featuring Mariana Collado and Carlos Chamorro. Nov 9, 2014. 7:00 p.m.\u00a0On.Stage Black.Box at Miami-Dade County Auditorium.<\/p>\n<p>* Workshop &#8211; Free Workshop for professional dancers with Mariana Collado and Carlos Chamorro by Casa Patas Flamenco Foundation. Nov 10, 2014. 7:00 p.m. On.Stage Black.Box at Miami-Dade County Auditorium.<\/p>\n<p>* Music &#8211; In collaboration with Centro Cultural Espa\u00f1ol. <em>Filin Progresivo 2004-2014<\/em><em> (The Album)<\/em> introduced by journalist Fernando Gonzalez, concert by Pavel Urquiza, accompanied by Alfredo Chac\u00f3n and Carlos Puig. Apr 16, 2015. 8:00 p.m. Centro Cultural Espa\u00f1ol. Miami.<\/p>\n<p>* Dance &#8211; Co-presented with Centro Cultural Espa\u00f1ol. <em>Segundo acercamiento al baile<\/em> by Juan Carlos L\u00e9rida. May 13, 2015. 8:00 p.m. Centro Cultural Espa\u00f1ol. Miami.<\/p>\n<p>* Workshop &#8211; Free Master Class and Workshop by Brazilian choreographer Sonia Destri Lie and Company. Feb 25, 2014. 8:00 p.m. University of Miami\u2019s Dance Program. Hecht Residential Hall. Coral Gables<\/p>\n<p>* Music &#8211; <em>Jorge Luis Pacheco in Concert<\/em> by Jorge Luis Pacheco, Yorgis Goiricelaya and Reinier Guerra. Apr 19, 2014. 9:00 p.m. On.Stage Black.Box at Miami-Dade County Auditorium.<\/p>\n<p>&nbsp;<\/p>\n<p>&nbsp;<\/p>\n<h2><strong>No Borders (2013-2014)<\/strong><\/h2>\n<p><strong>\u00a0<\/strong>* Theater &#8211; Co-presented with Teatro El Publico, <em>Anna in the Tropics<\/em> directed by Carlos Diaz. Oct 21 &#8211; 30, 2013. 8:00 p.m. Teatro Trianon. Havana.<\/p>\n<p>* Workshop &#8211; Free Workshop for professional musicians and dancers with Jose Jurado and Isabel Rodriguez. Nov 10, 2013. 1:00 p.m. On.Stage Black.Box at Miami-Dade County Auditorium.<\/p>\n<p>* Music\/Dance &#8211; In Collaboration with Miami-Dade County Auditorium. <em>Templanza<\/em> by Casa Patas Flamenco Foundation. Nov 10, 2013. 6:00 p.m. On.Stage Black.Box at Miami-Dade County * Theater &#8211; Co-presented with Teatro El Publico, <em>Anna in the Tropics<\/em>, by Nilo Cruz, directed by Carlos Diaz. Nov 22 &#8211; 24, 2013. 8:00 p.m. The Colony Theater. Miami Beach<\/p>\n<p>Auditorium.<\/p>\n<p>* Music &#8211; <em>Danzas para piano y la Cancion Cubana<\/em> by Miriam Ramos, Rolando Luna and Ulises Hernandez. Jan 18 &amp; 19, 2014. 8:00 p.m. On.Stage Black.Box at Miami-Dade County Auditorium.<\/p>\n<p>* Dance &#8211; In Collaboration with Miami-Dade County Auditorium. Companhia Urbana de Dan\u00e7a featuring <em>ID: Entidades<\/em> and <em>Na Pista <\/em>by Brazilian choreographer Sonia Destri Lie. Feb 23, 2014. 7:00 p.m. Miami-Dade County Auditorium.<\/p>\n<p><strong>\u00a0<\/strong><\/p>\n<p>&nbsp;<\/p>\n<h2><strong>No Borders (2012-2013)<\/strong><\/h2>\n<p>* Music &#8211; <em>Two Pianists, Two Pianos<\/em> by Aldo Lopez Gavilan &amp; Harold Lopez Nussa. Nov 24, 2012. 8:00 p.m. On.Stage Black.Box at Miami-Dade County Auditorium.<\/p>\n<p>&nbsp;<\/p>\n<h2><strong>No Borders (2011-2012)<\/strong><\/h2>\n<p>* Music &#8211; <em>25 years<\/em> by Martirio. Apr 7, 2012. 8:30 p.m. Miami-Dade County Auditorium.<\/p>\n<p>&nbsp;<\/p>\n<h2><strong>No Borders (2010-2011)<\/strong><\/h2>\n<p>* Music &#8211; Co-presented with Centro Cultural Espa\u00f1ol. Jose Maria Vitier in concert. Feb 19, 2011. 8:30 p.m. The Colony Theater. Miami Beach.<\/p>\n<p>&nbsp;<\/p>\n<h2><strong>No Borders (2009-2010)<\/strong><\/h2>\n<p>* Theatre -. <em>La visita de la vieja dama<\/em>, by Teatro Buendia. Jul 23, 2010. 8:00 p.m. Manuel Artime Theater. Miami.<\/p>\n<p>* Music &#8211; Co-presented with Centro Cultural Espa\u00f1ol. <em>Mestizaje<\/em> by Beatriz Luengo and Yadam. Mar 27, 2010. 8:00 p.m. Byron Carlyle Theater. Miami Beach.<\/p>\n<p>* Cinema\/Theatre &#8211; Co-presented with Miami Light Project and Centro Cultural Espa\u00f1ol <em>The Closest Farthest Away<\/em>, by Chi-wan Yang, Aleigh and Sage Lewis, Mar 11 &#8211; 13, 2010. 8:00 p.m. Byron Carlyle Theater. Miami Beach.<\/p>\n<p>* Music &#8211; Co-presented with Centro Cultural Espa\u00f1ol. <em>Depedro and Martin Wenk<\/em> (Calexico), Nov 22, 2009. 8:30 p.m. The Colony Theater. Miami Beach<\/p>\n<p>* Music &#8211; Co-presented with Centro Cultural Espa\u00f1ol. <em>Eliseo Parra and Rosalia Roio in concer<\/em>t. Oct 30, 2009. 8:30 p.m. Centro Cultural Espa\u00f1ol. Coral Gables<\/p>\n<p>* Dance &#8211; Co-presented with Centro Cultural Espa\u00f1ol. <em>Odonata<\/em>, by Pepe Hevia Contemporary Dance Company, Oct 29, 2009. 8:00 p.m. Byron Carlyle Theater. Miami Beach.<\/p>\n<p>* Music &#8211; Co-presented with Centro Cultural Espa\u00f1ol. <em>Two concerts One night <\/em>by Russian Red and Alex Cuba, Oct 17, 2009. 8:00 p.m. The Colony Theater. Miami Beach.[\/vc_column_text][\/vc_column][\/vc_row][vc_row css_animation=\u00bb\u00bb row_type=\u00bbrow\u00bb use_row_as_full_screen_section=\u00bbno\u00bb type=\u00bbfull_width\u00bb angled_section=\u00bbno\u00bb text_align=\u00bbleft\u00bb background_image_as_pattern=\u00bbwithout_pattern\u00bb][vc_column][\/vc_column][\/vc_row]<\/p>\n<\/div>","protected":false},"excerpt":{"rendered":"<p>[vc_row css_animation=\u00bb\u00bb row_type=\u00bbrow\u00bb use_row_as_full_screen_section=\u00bbno\u00bb type=\u00bbfull_width\u00bb angled_section=\u00bbno\u00bb text_align=\u00bbleft\u00bb background_image_as_pattern=\u00bbwithout_pattern\u00bb][vc_column][vc_media_grid grid_id=\u00bbvc_gid:1714403577754-bea107dc-1699-0&#8243; include=\u00bb24129,23233,23162&#8243;][vc_column_text] No Borders showcases other international voices, bringing the most challenging and exciting work from around the world to delight and culturally inform Miami audiences. &nbsp; No Borders (2023-2024) * Theatre &#8211; No Borders. Celestina by&#8230;<\/p>\n","protected":false},"author":5,"featured_media":22158,"parent":0,"menu_order":0,"comment_status":"closed","ping_status":"closed","template":"","meta":{"footnotes":""},"categories":[],"class_list":["post-19771","page","type-page","status-publish","has-post-thumbnail","hentry"],"_links":{"self":[{"href":"https:\/\/fundarte.us\/es\/wp-json\/wp\/v2\/pages\/19771","targetHints":{"allow":["GET"]}}],"collection":[{"href":"https:\/\/fundarte.us\/es\/wp-json\/wp\/v2\/pages"}],"about":[{"href":"https:\/\/fundarte.us\/es\/wp-json\/wp\/v2\/types\/page"}],"author":[{"embeddable":true,"href":"https:\/\/fundarte.us\/es\/wp-json\/wp\/v2\/users\/5"}],"replies":[{"embeddable":true,"href":"https:\/\/fundarte.us\/es\/wp-json\/wp\/v2\/comments?post=19771"}],"version-history":[{"count":6,"href":"https:\/\/fundarte.us\/es\/wp-json\/wp\/v2\/pages\/19771\/revisions"}],"predecessor-version":[{"id":24371,"href":"https:\/\/fundarte.us\/es\/wp-json\/wp\/v2\/pages\/19771\/revisions\/24371"}],"wp:featuredmedia":[{"embeddable":true,"href":"https:\/\/fundarte.us\/es\/wp-json\/wp\/v2\/media\/22158"}],"wp:attachment":[{"href":"https:\/\/fundarte.us\/es\/wp-json\/wp\/v2\/media?parent=19771"}],"wp:term":[{"taxonomy":"category","embeddable":true,"href":"https:\/\/fundarte.us\/es\/wp-json\/wp\/v2\/categories?post=19771"}],"curies":[{"name":"wp","href":"https:\/\/api.w.org\/{rel}","templated":true}]}}