{"id":19800,"date":"2020-08-25T12:18:47","date_gmt":"2020-08-25T12:18:47","guid":{"rendered":"http:\/\/fundarte.us\/flamencos\/"},"modified":"2024-04-29T15:05:47","modified_gmt":"2024-04-29T15:05:47","slug":"flamencos","status":"publish","type":"page","link":"https:\/\/fundarte.us\/es\/flamencos\/","title":{"rendered":"FLAMENCOS"},"content":{"rendered":"<div class=\"wpb-content-wrapper\"><p>[vc_row css_animation=\u00bb\u00bb row_type=\u00bbrow\u00bb use_row_as_full_screen_section=\u00bbno\u00bb type=\u00bbfull_width\u00bb angled_section=\u00bbno\u00bb text_align=\u00bbleft\u00bb background_image_as_pattern=\u00bbwithout_pattern\u00bb][vc_column][vc_media_grid grid_id=\u00bbvc_gid:1714402989341-b6b40f66-605f-10&#8243; include=\u00bb24052,24068,24105&#8243;][vc_column_text]<\/p>\n<h3><img fetchpriority=\"high\" decoding=\"async\" class=\"wp-image-24333 aligncenter\" src=\"https:\/\/fundarte.us\/wp-content\/uploads\/2024\/04\/NO-BORDERS-1-300x68.png\" alt=\"\" width=\"495\" height=\"112\" srcset=\"https:\/\/fundarte.us\/wp-content\/uploads\/2024\/04\/NO-BORDERS-1-300x68.png 300w, https:\/\/fundarte.us\/wp-content\/uploads\/2024\/04\/NO-BORDERS-1-1024x233.png 1024w, https:\/\/fundarte.us\/wp-content\/uploads\/2024\/04\/NO-BORDERS-1-768x175.png 768w, https:\/\/fundarte.us\/wp-content\/uploads\/2024\/04\/NO-BORDERS-1-1536x349.png 1536w, https:\/\/fundarte.us\/wp-content\/uploads\/2024\/04\/NO-BORDERS-1-2048x466.png 2048w, https:\/\/fundarte.us\/wp-content\/uploads\/2024\/04\/NO-BORDERS-1-700x159.png 700w\" sizes=\"(max-width: 495px) 100vw, 495px\" \/><\/h3>\n<p>&nbsp;<\/p>\n<h3><\/h3>\n<h4><strong>Flamencos presents a splendidly diverse range of performances, including the latest in both traditional and radically contemporary flamenco forms, performed\u00a0by\u00a0the\u00a0most notable\u00a0and\u00a0risk-taking\u00a0artists\u00a0from\u00a0Spain.<\/strong><\/h4>\n<p>&nbsp;<\/p>\n<p>&nbsp;<\/p>\n<h2><\/h2>\n<h2><strong>FLAMENCOS (2023-2024)<\/strong><\/h2>\n<p>* Master Class &#8211; \u00a0<strong>Flamenco Masterclass with Rafael Ram\u00edrez.<\/strong> November 1, 2022. 7:00 p.m. Black.Box Miami-Dade County Auditorium.<\/p>\n<p>* Dance\/Music &#8211; \u00abLo Preciso\u00bb by <strong>Ram\u00edrez<\/strong> <a href=\"https:\/\/fundarte.us\/fundarte-event\/alejandra\/\"><strong>Presented by Flamenco Spain Arts and Culture (ex Casa Patas).<\/strong><\/a> November 2,3 &amp; 4, 2023 8:00 p.m. On. Stage Black Box at Miami-Dade County Auditorium.<\/p>\n<p>* Music &#8211; <b>Israel Fern\u00e1ndez and Diego del Morao in concert. <\/b>November 5, 2023. 8:00 p.m. Miami Beach Bandshell<\/p>\n<p>* Music &#8211; <b>\u00a8Domingos de Vermut y Potaje\u00a8 by Maui. <\/b>November 5, 2023. 3:00 p.m. Black.Box Miami-Dade County Auditorium.<\/p>\n<p>&nbsp;<\/p>\n<h2><strong>FLAMENCOS (2022-2023)<\/strong><\/h2>\n<p>* Master Class &#8211; <strong>No Borders<\/strong>. <strong><a href=\"https:\/\/fundarte.us\/fundarte-event\/alejandra\/\">Flamenco Masterclass with Luc\u00eda Ruibal<\/a><\/strong>. November 4, 2022. 7:00 p.m. Black.Box Miami-Dade County Auditorium.<\/p>\n<p>* Dance\/Music &#8211; <strong>No Borders<\/strong>. <a href=\"https:\/\/fundarte.us\/fundarte-event\/alejandra\/\"><strong>Alejandra, by Jos\u00e9 Almarcha with Luc\u00eda Ruibal. Presented by Flamenco Spain Arts and Culture (ex Casa Patas).<\/strong><\/a> November 5, 2022. 8:00 p.m. November 6, 2022. 3:00 p.m. Mid-Stage at Miami-Dade County Auditorium.<\/p>\n<p>&nbsp;<\/p>\n<h2><strong>FLAMENCOS (2021-2022)<\/strong><\/h2>\n<p>* Dance\/Music &#8211; <strong>No Borders<\/strong>. <a href=\"https:\/\/fundarte.us\/fundarte-event\/de-paso-by-casa-patas-flamenco\/\"><strong>De Paso, by Casa Patas Flamenco Foundation &amp; Conservatory featuring Sara P\u00e9rez and Rub\u00e9n Puertas.<\/strong><\/a> November 6, 2021. 8:00 p.m. November 7, 2021. 3:00 p.m. Mid-Stage at Miami-Dade County Auditorium.<\/p>\n<p>* Master Class &#8211; <strong>No Borders<\/strong>. <strong><a href=\"https:\/\/fundarte.us\/fundarte-event\/de-paso-by-casa-patas-flamenco\/\">Masterclass for local artists with Flamenco Dancer Sara P\u00e9rez<\/a><\/strong>. November 8, 2021. 8:00 p.m. Black.Box Miami-Dade County Auditorium.<\/p>\n<p>&nbsp;<\/p>\n<h2><strong>FLAMENCOS (2020-2021)<\/strong><\/h2>\n<p>* Film <b>\u2013 <\/b><strong>No Borders.<\/strong> <a title=\"Remembering Jos&amp;eacute; Barrios!\" href=\"https:\/\/fundarte.us\/fundarte-event\/remembering-jose-barrios\/\" target=\"_blank\" rel=\"noopener\"><b>Remembering Jos\u00e9 Barrios!<\/b><\/a> <em>in-person<\/em> premiere of the videos <em>A solas con Jos\u00e9 Barrios<\/em>, and <em>In memoriam<\/em>. September 26,\u00a0 2021. 5:30 p.m.North Beach Bandshell.<\/p>\n<p>* Film <b>\u2013 <\/b><strong>No Borders.<\/strong> <a title=\"Remembering Jos&amp;eacute; Barrios!\" href=\"https:\/\/fundarte.us\/fundarte-event\/remembering-jose-barrios\/\" target=\"_blank\" rel=\"noopener\"><b>Remembering Jos\u00e9 Barrios!<\/b><\/a> Double digital premiere of the works <em>A solas con Jos\u00e9 Barrios<\/em>, and <em>In memoriam<\/em>. July 11, 2021. 5:30 p.m. Casa Patas\u2019s YouTube channel, and FUNDarte\u2019s Facebook page.<\/p>\n<p>* Dance\/Music &#8211; <a href=\"https:\/\/fundarte.us\/fundarte-event\/siudy-flamenco-intimo\/\"><strong>Siudy Flamenco: Intimo<\/strong><\/a> by Siudy Garrido. March 27, 2021. 4:00 p.m. South Miami-Dade Cultural Arts Center Backyard Concert Lawn and Plaza.<\/p>\n<p>* Dance <strong>\u2013\u00a0<\/strong> <strong>No Borders.<\/strong> <a href=\"https:\/\/fundarte.us\/fundarte-event\/siudy-flamenco-intimo\/\"><strong>Siudy Flamenco: Intimo by Siudy Garrido<\/strong><\/a>. March 27, 2021. 4:00 p.m. South Miami-Dade Cultural Arts Center Backyard Concert Lawn and Plaza.<\/p>\n<p>&nbsp;<\/p>\n<p>&nbsp;<\/p>\n<h2><strong>FLAMENCOS (2019-2020)<\/strong><\/h2>\n<p>* Master Class &#8211; <a href=\"https:\/\/fundarte.us\/fundarte-event\/raiz-de-4-by-casa-patas-flamenco-direct-from-spain\/\"><strong>Rafael Peral and Marisa Adame on flamenco dance technique<\/strong><\/a><strong>.<\/strong> Nov 8, 2019. 8:00 p.m. Miami-Dade County Auditorium.<\/p>\n<p>* Dance\/Music &#8211;<strong><a href=\"https:\/\/fundarte.us\/fundarte-event\/raiz-de-4-by-casa-patas-flamenco-direct-from-spain\/\"> <em>RAIZ DE 4<\/em> by Casa Patas Flamenco Foundation featuring Rafael Peral and Marisa Adame (Spain)<\/a>.<\/strong> Nov 9 &amp; 10, 2019. 8:00 p.m. Mid Stage at Miami-Dade County Auditorium.<\/p>\n<p>&nbsp;<\/p>\n<h2><strong>FLAMENCOS (2018-2019)<\/strong><\/h2>\n<p>* Workshop &#8211; <a href=\"https:\/\/fundarte.us\/fundarte-event\/reditum-by-jose-barrios-casa-patas-flamenco\/\"><strong>Meet and Greet with Jose Barrios and Casa Patas Flamenco Foundation<\/strong><\/a><strong>.<\/strong> Nov 2, 2018. 8:30 p.m. Cava Tablao Restaurant. Miami.<\/p>\n<p>* Dance\/Music &#8211; <a href=\"https:\/\/fundarte.us\/fundarte-event\/reditum-by-jose-barrios-casa-patas-flamenco\/\"><em><strong>Reditum<\/strong><\/em><strong> by Casa Patas Flamenco Foundation featuring Jose Barrios<\/strong><\/a><strong>.<\/strong> Nov 3 &amp; 4, 2018. 8:30 p.m. Mid Stage at Miami-Dade County Auditorium.<\/p>\n<p>* Workshop &#8211; <strong><a href=\"https:\/\/fundarte.us\/fundarte-event\/reditum-by-jose-barrios-casa-patas-flamenco\/\">Free Master Class for local artists by Casa Patas Flamenco Foundation<\/a>.<\/strong> Nov 5, 2018. 8:00 p.m. Miami-Dade County Auditorium.<\/p>\n<p>* Music &#8211; <a href=\"https:\/\/fundarte.us\/fundarte-event\/flamenco-rave-ii-nuevo-flamenco-in-miami-dade-2019\/\"><em><strong>Flamenco Rave II<\/strong><\/em><strong> featuring Sergio de Lope, Diego Guerrero, Mar\u00eda Terremoto, Miguel \u00c1ngel Cort\u00e9s, Dani Bonilla and Luc\u00eda \u00c1lvarez \u201cLa Pi\u00f1ona\u201d, among others<\/strong><\/a><strong>.<\/strong> Mar 9 &amp; 10, 2019. 8:30 p.m. Mid Stage at Miami-Dade County Auditorium.<\/p>\n<p>&nbsp;<\/p>\n<h2><strong>FLAMENCOS (2017-2018)<\/strong><\/h2>\n<p>* Workshop &#8211; <a href=\"https:\/\/fundarte.us\/fundarte-event\/binomio-by-casa-patas-flamenco-foundation\/\"><strong>Meet and Greet with Anabel Moreno and Casa Patas Flamenco Foundation Company<\/strong><\/a><strong>.<\/strong> Nov 3, 2017. 10:00 p.m. Cava Tablao Restaurant. Miami.<\/p>\n<p>* Dance\/Music &#8211; <a href=\"https:\/\/fundarte.us\/fundarte-event\/binomio-by-casa-patas-flamenco-foundation\/\"><em><strong>Binomio<\/strong><\/em><strong> by Casa Patas Flamenco Foundation featuring Anabel Moreno and Francisco Hidalgo<\/strong><\/a><strong>.<\/strong> Nov 4 &amp; 5, 2017. 3:00 p.m. Mid Stage at Miami-Dade County Auditorium.<\/p>\n<p>* Workshop <strong>&#8211; <a href=\"https:\/\/fundarte.us\/fundarte-event\/binomio-by-casa-patas-flamenco-foundation\/\">Free Master Class for advance students by Casa Patas Flamenco Foundation.<\/a><\/strong> Nov 6, 2017. 1:00 p.m. Miami Arts Studio 6-12 at Zelda Glazer.<\/p>\n<p>* Music &#8211; <a href=\"https:\/\/fundarte.us\/fundarte-event\/flamenco-rave\/\"><em><strong>Flamenco Rave<\/strong><\/em><strong> featuring DORANTES, Daniel Casares, Naike y Paquete, and Rosal\u00eda and Raul Refree<\/strong><\/a><strong>.<\/strong> Mar 25, 2018. 5:00 p.m. Mid Stage at Miami-Dade County Auditorium.<\/p>\n<h2><\/h2>\n<h2><strong>FLAMENCOS (2016-2017)<\/strong><\/h2>\n<p>* Workshop &#8211; <a href=\"https:\/\/fundarte.us\/fundarte-event\/flamenco-los-silencios-del-baile-by-fundacion-conservatorio-casa-patas\/\"><strong>Meet and Greet with Francisco Hidalgo and company<\/strong><\/a><strong>.<\/strong> Nov 4, 2016 &#8211; 9:00 p.m. Cava Tablao Restaurant. Miami.<\/p>\n<p>* Dance &#8211; <a href=\"https:\/\/fundarte.us\/fundarte-event\/flamenco-los-silencios-del-baile-by-fundacion-conservatorio-casa-patas\/\"><em><strong>Los silencios del baile<\/strong><\/em><strong>, by Casa Patas Flamenco Foundation featuring Francisco Hidalgo<\/strong><\/a><strong>.<\/strong> Nov 5 &amp; 6, 2016. 8:30 p.m. Mid Stage at Miami-Dade County Auditorium.<\/p>\n<p>* Workshop &#8211; <strong><a href=\"https:\/\/fundarte.us\/fundarte-event\/flamenco-los-silencios-del-baile-by-fundacion-conservatorio-casa-patas\/\">Free Master Class for advance students by Francisco Hidalgo<\/a>.<\/strong> Nov 7, 2016. 7:40 a.m. Miami Arts Studio 6-12 @ Zelda Glazer.<\/p>\n<p>&nbsp;<\/p>\n<h2><\/h2>\n<h2><strong>FLAMENCOS (2015-2016)<\/strong><\/h2>\n<p>* Dance &#8211;<strong><a href=\"https:\/\/fundarte.us\/fundarte-event\/flamenco-frequencies-by-fundacion-conservatorio-casa-patas-at-miami\/\"> <em>Flamenco Frequencies<\/em>, by Casa Patas Flamenco Foundation featuring Karen Lugo.<\/a><\/strong> Nov 8, 2015. 7:00 p.m. Mid Stage at Miami-Dade County Auditorium.<\/p>\n<p>* Workshop &#8211; <strong><a href=\"https:\/\/fundarte.us\/fundarte-event\/flamenco-frequencies-by-fundacion-conservatorio-casa-patas-at-miami\/\">Free workshop for professional dancers and musicians with Karen Lugo by Casa Patas Flamenco Foundation<\/a>.<\/strong> Nov 9, 2015. 7:00 p.m. On.Stage Black.Box at Miami-Dade County Auditorium.<\/p>\n<p>&nbsp;<\/p>\n<h2><\/h2>\n<h2><strong>FLAMENCOS (2014-2015)<\/strong><\/h2>\n<p>* Dance\/Music &#8211; <strong><a href=\"https:\/\/fundarte.us\/fundarte-event\/flamencos-de-plomo-y-cobre-by-casa-patas-foundation\/\"><em>Plomo y Cobre <\/em>by Casa Patas Flamenco Foundation featuring Mariana Collado and Carlos Chamorro<\/a><\/strong>. Nov 9, 2014. 7:00 p.m.\u00a0On.Stage Black.Box at Miami-Dade County Auditorium.<\/p>\n<p>* Workshop &#8211; <a href=\"https:\/\/fundarte.us\/fundarte-event\/flamencos-de-plomo-y-cobre-by-casa-patas-foundation\/\"><strong>Free Workshop for professional dancers with Mariana Collado and Carlos Chamorro by Casa Patas Flamenco Foundation<\/strong><\/a>. Nov 10, 2014. 7:00 p.m. On.Stage Black.Box at Miami-Dade County Auditorium.<\/p>\n<p>* Dance &#8211; Co-presented with Centro Cultural Espa\u00f1ol. <a href=\"https:\/\/fundarte.us\/fundarte-event\/out-in-the-tropics-2015\/\"><em><strong>Segundo acercamiento al baile<\/strong><\/em><strong> by Juan Carlos L\u00e9rida.<\/strong><\/a> May 13, 2015. 8:00 p.m. Centro Cultural Espa\u00f1ol. Miami.<\/p>\n<p>&nbsp;<\/p>\n<p>&nbsp;<\/p>\n<h2><strong>FLAMENCOS (2013-2014)<\/strong><\/h2>\n<p>* Workshop &#8211; Free Workshop for professional musicians and dancers with <strong><a href=\"https:\/\/fundarte.us\/fundarte-event\/templanza-by-casa-patas-flamenco-foundation\/\">Jose Jurado and Isabel Rodriguez<\/a><\/strong>. Nov 10, 2013. 1:00 p.m. On.Stage Black.Box at Miami-Dade County Auditorium.<\/p>\n<p>* Music\/Dance &#8211; In Collaboration with Miami-Dade County Auditorium, <a href=\"https:\/\/fundarte.us\/fundarte-event\/templanza-by-casa-patas-flamenco-foundation\/\"><em><strong>Templanza<\/strong><\/em><strong> by Casa Patas Flamenco Foundation<\/strong><\/a>. Nov 10, 2013. 6:00 p.m. On.Stage Black.Box at Miami-Dade County.<\/p>\n<p>[\/vc_column_text][\/vc_column][\/vc_row][vc_row css_animation=\u00bb\u00bb row_type=\u00bbrow\u00bb use_row_as_full_screen_section=\u00bbno\u00bb type=\u00bbfull_width\u00bb angled_section=\u00bbno\u00bb text_align=\u00bbleft\u00bb background_image_as_pattern=\u00bbwithout_pattern\u00bb][vc_column][\/vc_column][\/vc_row]<\/p>\n<\/div>","protected":false},"excerpt":{"rendered":"<p>[vc_row css_animation=\u00bb\u00bb row_type=\u00bbrow\u00bb use_row_as_full_screen_section=\u00bbno\u00bb type=\u00bbfull_width\u00bb angled_section=\u00bbno\u00bb text_align=\u00bbleft\u00bb background_image_as_pattern=\u00bbwithout_pattern\u00bb][vc_column][vc_media_grid grid_id=\u00bbvc_gid:1714402989341-b6b40f66-605f-10&#8243; include=\u00bb24052,24068,24105&#8243;][vc_column_text] &nbsp; Flamencos presents a splendidly diverse range of performances, including the latest in both traditional and radically contemporary flamenco forms, performed\u00a0by\u00a0the\u00a0most notable\u00a0and\u00a0risk-taking\u00a0artists\u00a0from\u00a0Spain. &nbsp; &nbsp; FLAMENCOS (2023-2024) * Master Class &#8211; \u00a0Flamenco Masterclass with Rafael Ram\u00edrez&#8230;.<\/p>\n","protected":false},"author":5,"featured_media":0,"parent":0,"menu_order":0,"comment_status":"closed","ping_status":"closed","template":"","meta":{"footnotes":""},"categories":[],"class_list":["post-19800","page","type-page","status-publish","hentry"],"_links":{"self":[{"href":"https:\/\/fundarte.us\/es\/wp-json\/wp\/v2\/pages\/19800","targetHints":{"allow":["GET"]}}],"collection":[{"href":"https:\/\/fundarte.us\/es\/wp-json\/wp\/v2\/pages"}],"about":[{"href":"https:\/\/fundarte.us\/es\/wp-json\/wp\/v2\/types\/page"}],"author":[{"embeddable":true,"href":"https:\/\/fundarte.us\/es\/wp-json\/wp\/v2\/users\/5"}],"replies":[{"embeddable":true,"href":"https:\/\/fundarte.us\/es\/wp-json\/wp\/v2\/comments?post=19800"}],"version-history":[{"count":5,"href":"https:\/\/fundarte.us\/es\/wp-json\/wp\/v2\/pages\/19800\/revisions"}],"predecessor-version":[{"id":24366,"href":"https:\/\/fundarte.us\/es\/wp-json\/wp\/v2\/pages\/19800\/revisions\/24366"}],"wp:attachment":[{"href":"https:\/\/fundarte.us\/es\/wp-json\/wp\/v2\/media?parent=19800"}],"wp:term":[{"taxonomy":"category","embeddable":true,"href":"https:\/\/fundarte.us\/es\/wp-json\/wp\/v2\/categories?post=19800"}],"curies":[{"name":"wp","href":"https:\/\/api.w.org\/{rel}","templated":true}]}}