{"id":20648,"date":"2021-07-13T15:16:19","date_gmt":"2021-07-13T15:16:19","guid":{"rendered":"http:\/\/fundarte.us\/recordando-a-jose-barrios-at-el-nuevo-herlad\/"},"modified":"2021-09-02T15:03:48","modified_gmt":"2021-09-02T15:03:48","slug":"sharing-grandmothers-en-la-television-de-camerun","status":"publish","type":"page","link":"https:\/\/fundarte.us\/es\/sharing-grandmothers-en-la-television-de-camerun\/","title":{"rendered":"Sharing Grandmothers en la Televisi\u00f3n de Camer\u00fan"},"content":{"rendered":"<p style=\"text-align: center;\">[vc_video link=&#8217;https:\/\/www.youtube.com\/watch?v=1vaBMd4cUxw&#8217;]<\/p>\n<p>&nbsp;<\/p>\n<p>&nbsp;<\/p>\n<p>FUNDarte y el Miami-Dade County Auditorium presentan el estreno en Estados Unidos de <em>Sharing Grandmothers<\/em>, un espect\u00e1culo multidisciplinar dirigido por <strong>Carlos Caballero<\/strong> (Miami) con la actuaci\u00f3n de <strong>LORNAR<\/strong> (Camer\u00fan) e <strong>Inez Barlatier<\/strong> (Hait\u00ed \/ Miami); bajo la consultor\u00eda musical de <strong>Pavel Urkiza<\/strong>, y las im\u00e1genes videogr\u00e1ficas de <strong>Randy Valdes<\/strong>; y una banda de distinguidos m\u00fasicos cameruneses; el 29 de Enero a las 8:00 p.m. y el 30 de Enero 3:00 p.m. en Mid Stage en Miami-Dade County Auditorium. (2901 W Flagler St, Miami, FL 33135)<\/p>\n<p><em>Sharing Grandmother<\/em>, es una nueva pieza multidisciplinaria original que presenta a dos artistas femeninas, una de \u00c1frica (<strong>LORNOAR<\/strong> \/ Camer\u00fan) y otra de la di\u00e1spora africana (<strong>Inez Barlatier<\/strong> \/ Miami), ambas cantautoras, narradoras, bailarinas y guardianas de los tesoros y el legado de las culturas negras tradicionales.<\/p>\n<p>El estreno estadounidense de <em>Sharing Grandmothers<\/em> tambi\u00e9n celebra, nutre y expande las oportunidades creativas y la visibilidad global para artistas con sede en Miami, como parte del Programa de Asociaci\u00f3n Cultural Internacional del Departamento de Miami-Dade County Cultural Affairs Department. Este proyecto es producido por FUNDarte como parte de la serie NO BORDERS, y cuenta con el apoyo de John S. and James L. Knight Foundation\u2019s Knight Arts Challenge 2020, que financia las mejores ideas para las artes en Miami.<\/p>\n<p>La Serie No Borders presenta voces internacionales, trayendo a los artistas m\u00e1s desafiantes y emocionantes de todo el mundo.<\/p>\n<p>&nbsp;<\/p>\n","protected":false},"excerpt":{"rendered":"<p>[vc_video link=&#8217;https:\/\/www.youtube.com\/watch?v=1vaBMd4cUxw&#8217;] &nbsp; &nbsp; FUNDarte y el Miami-Dade County Auditorium presentan el estreno en Estados Unidos de Sharing Grandmothers, un espect\u00e1culo multidisciplinar dirigido por Carlos Caballero (Miami) con la actuaci\u00f3n de LORNAR (Camer\u00fan) e Inez Barlatier (Hait\u00ed \/ Miami); bajo la consultor\u00eda musical de Pavel&#8230;<\/p>\n","protected":false},"author":5,"featured_media":0,"parent":0,"menu_order":5,"comment_status":"closed","ping_status":"closed","template":"","meta":{"footnotes":""},"categories":[],"class_list":["post-20648","page","type-page","status-publish","hentry"],"_links":{"self":[{"href":"https:\/\/fundarte.us\/es\/wp-json\/wp\/v2\/pages\/20648","targetHints":{"allow":["GET"]}}],"collection":[{"href":"https:\/\/fundarte.us\/es\/wp-json\/wp\/v2\/pages"}],"about":[{"href":"https:\/\/fundarte.us\/es\/wp-json\/wp\/v2\/types\/page"}],"author":[{"embeddable":true,"href":"https:\/\/fundarte.us\/es\/wp-json\/wp\/v2\/users\/5"}],"replies":[{"embeddable":true,"href":"https:\/\/fundarte.us\/es\/wp-json\/wp\/v2\/comments?post=20648"}],"version-history":[{"count":6,"href":"https:\/\/fundarte.us\/es\/wp-json\/wp\/v2\/pages\/20648\/revisions"}],"predecessor-version":[{"id":20741,"href":"https:\/\/fundarte.us\/es\/wp-json\/wp\/v2\/pages\/20648\/revisions\/20741"}],"wp:attachment":[{"href":"https:\/\/fundarte.us\/es\/wp-json\/wp\/v2\/media?parent=20648"}],"wp:term":[{"taxonomy":"category","embeddable":true,"href":"https:\/\/fundarte.us\/es\/wp-json\/wp\/v2\/categories?post=20648"}],"curies":[{"name":"wp","href":"https:\/\/api.w.org\/{rel}","templated":true}]}}