{"id":22762,"date":"2022-09-05T21:15:58","date_gmt":"2022-09-05T21:15:58","guid":{"rendered":"http:\/\/fundarte.us\/inicio-4\/"},"modified":"2024-04-25T14:50:41","modified_gmt":"2024-04-25T14:50:41","slug":"inicio-4","status":"publish","type":"page","link":"https:\/\/fundarte.us\/es\/","title":{"rendered":"Inicio"},"content":{"rendered":"<div class=\"wpb-content-wrapper\"><p>[vc_row css_animation=\u00bb\u00bb row_type=\u00bbrow\u00bb use_row_as_full_screen_section=\u00bbno\u00bb type=\u00bbgrid\u00bb angled_section=\u00bbno\u00bb text_align=\u00bbleft\u00bb background_image_as_pattern=\u00bbwithout_pattern\u00bb][vc_column][vc_empty_space][rev_slider_vc alias=\u00bbslider-1&#8243;][vc_separator type=\u00bbnormal\u00bb color=\u00bb#e9dcda\u00bb thickness=\u00bb2&#8243; up=\u00bb40&#8243; down=\u00bb34&#8243;][vc_column_text]<\/p>\n<h1 style=\"text-align: center;\">FUNDarte<\/h1>\n<p>[\/vc_column_text][vc_separator type=\u00bbtransparent\u00bb down=\u00bb30&#8243;][vc_column_text]<\/p>\n<h4>FUNDarte es una incubadora cultural con sede en Miami que vincula a nuestra comunidad con el mundo. Cada a\u00f1o, presentamos una serie de conciertos, obras de teatro, espect\u00e1culos de danza, pel\u00edculas y artes visuales que animan la cultura local con los sabores de Am\u00e9rica Latina, Espa\u00f1a, el Caribe y el resto del mundo. Nuestros programas fomentan el talento art\u00edstico local y acercan a emocionantes artistas internacionales al p\u00fablico local, conectan comunidades diversas y crean espacios seguros para la experimentaci\u00f3n art\u00edstica y la colaboraci\u00f3n internacional. FUNDarte trata de involucrar y potenciar a las comunidades a trav\u00e9s de la magia del arte innovador y la comunicaci\u00f3n intercultural.<\/h4>\n<h4 class=\"style10\">La visi\u00f3n de FUNDarte es liderar nuestra comunidad para aprovechar el poder innato del arte y la cultura para convertir a Estados Unidos en un modelo de cambio social positivo y sostenibilidad a largo plazo a trav\u00e9s de las artes.<\/h4>\n<p>[\/vc_column_text][vc_separator type=\u00bbnormal\u00bb color=\u00bb#e9dcda\u00bb thickness=\u00bb2&#8243; up=\u00bb50&#8243; down=\u00bb0&#8243;][vc_empty_space][\/vc_column][\/vc_row][vc_row css_animation=\u00bb\u00bb row_type=\u00bbrow\u00bb use_row_as_full_screen_section=\u00bbno\u00bb type=\u00bbgrid\u00bb angled_section=\u00bbno\u00bb text_align=\u00bbleft\u00bb background_image_as_pattern=\u00bbwithout_pattern\u00bb padding_top=\u00bb10&#8243; padding_bottom=\u00bb0&#8243;][vc_column][vc_column_text]<\/p>\n<h1 style=\"text-align: center;\">Eventos<\/h1>\n<p>[\/vc_column_text][vc_separator type=\u00bbtransparent\u00bb thickness=\u00bb2&#8243; down=\u00bb50&#8243;][vc_column_text]<\/p>\n<div class=\"q_masonry_blog\">\n<div class=\"q_masonry_blog_grid_sizer\"><\/div>\n<div class=\"q_masonry_blog_grid_gutter\"><\/div>\n\n<\/div>\n<p>[\/vc_column_text][\/vc_column][\/vc_row][vc_row css_animation=\u00bb\u00bb row_type=\u00bbrow\u00bb use_row_as_full_screen_section=\u00bbno\u00bb type=\u00bbgrid\u00bb angled_section=\u00bbno\u00bb text_align=\u00bbleft\u00bb background_image_as_pattern=\u00bbwithout_pattern\u00bb][vc_column][vc_separator type=\u00bbnormal\u00bb color=\u00bb#e9dcda\u00bb thickness=\u00bb2&#8243; up=\u00bb50&#8243; down=\u00bb34&#8243;][vc_column_text]<\/p>\n<h1 style=\"text-align: center;\">Destacados<\/h1>\n<p>[\/vc_column_text][vc_separator type=\u00bbtransparent\u00bb thickness=\u00bb2&#8243; down=\u00bb50&#8243;][vc_row_inner row_type=\u00bbrow\u00bb type=\u00bbfull_width\u00bb text_align=\u00bbleft\u00bb css_animation=\u00bb\u00bb][vc_column_inner width=\u00bb1\/3&#8243;]<div class=\"q_image_with_text_over\"><div class=\"shader\" ><\/div><img itemprop=\"image\" src=\"https:\/\/fundarte.us\/wp-content\/uploads\/2024\/04\/4.jpg\" alt=\"\" \/><div class=\"text\"><table><tr><td><h2 class=\"caption no_icon\" style=\"\"><\/h2><\/td><\/tr><\/table><table><tr><td><div class=\"desc\"><a href=\"https:\/\/fundarte.us\/fundarte-event\/poyo-rojo\/\"><b>Un Poyo Rojo<\/b><\/a><\/div><\/td><\/tr><\/table><\/div><\/div><div class=\"q_image_with_text_over\"><div class=\"shader\" ><\/div><img itemprop=\"image\" src=\"https:\/\/fundarte.us\/wp-content\/uploads\/2024\/04\/1.jpg\" alt=\"\" \/><div class=\"text\"><table><tr><td><h2 class=\"caption no_icon\" style=\"\"><\/h2><\/td><\/tr><\/table><table><tr><td><div class=\"desc\"><a href=\"https:\/\/fundarte.us\/fundarte-event\/gcf24\/\"><strong>Rolando Luna en Piano Marathon Cubano<\/strong><\/a><\/div><\/td><\/tr><\/table><\/div><\/div><div class=\"q_image_with_text_over\"><div class=\"shader\" ><\/div><img itemprop=\"image\" src=\"https:\/\/fundarte.us\/wp-content\/uploads\/2017\/06\/Chiflo\u0301n-the-Silence-of-Coal-by-Silencio-Blanco-e1498592853835.jpg\" alt=\"\" \/><div class=\"text\"><table><tr><td><h2 class=\"caption no_icon\" style=\"\"><\/h2><\/td><\/tr><\/table><table><tr><td><div class=\"desc\"><a href=\"https:\/\/fundarte.us\/es\/fundarte-event\/chiflon-el-silencio-del-carbon-de-la-compania-de-teatro-silencio-blanco\/\"><strong>Chifl\u00f3n el Silencio del carb\u00f3n, de Teatro Blanco<\/strong><\/a><\/div><\/td><\/tr><\/table><\/div><\/div>[\/vc_column_inner][vc_column_inner width=\u00bb1\/3&#8243;]<div class=\"q_image_with_text_over\"><div class=\"shader\" ><\/div><img itemprop=\"image\" src=\"https:\/\/fundarte.us\/wp-content\/uploads\/2024\/04\/5.jpg\" alt=\"\" \/><div class=\"text\"><table><tr><td><h2 class=\"caption no_icon\" style=\"\"><\/h2><\/td><\/tr><\/table><table><tr><td><div class=\"desc\"><a href=\"https:\/\/fundarte.us\/fundarte-event\/gcf24-copy\/\"><strong>Women on the drums<\/strong><\/a><\/div><\/td><\/tr><\/table><\/div><\/div><div class=\"q_image_with_text_over\"><div class=\"shader\" ><\/div><img itemprop=\"image\" src=\"https:\/\/fundarte.us\/wp-content\/uploads\/2024\/04\/3.jpg\" alt=\"\" \/><div class=\"text\"><table><tr><td><h2 class=\"caption no_icon\" style=\"\"><\/h2><\/td><\/tr><\/table><table><tr><td><div class=\"desc\"><a href=\"https:\/\/fundarte.us\/fundarte-event\/rafael-ramirez\/\"><strong>Lo Preciso<\/strong><\/a><\/div><\/td><\/tr><\/table><\/div><\/div><div class=\"q_image_with_text_over\"><div class=\"shader\" ><\/div><img itemprop=\"image\" src=\"https:\/\/fundarte.us\/wp-content\/uploads\/2018\/07\/Flamenco-Rave-C.jpg\" alt=\"\" \/><div class=\"text\"><table><tr><td><h2 class=\"caption no_icon\" style=\"\"><\/h2><\/td><\/tr><\/table><table><tr><td><div class=\"desc\"><a href=\"https:\/\/www.youtube.com\/watch?v=fZvAf2ET8tU\"><strong>Rosal\u00eda en Rave flamenco I <\/strong><\/a><\/div><\/td><\/tr><\/table><\/div><\/div>[\/vc_column_inner][vc_column_inner width=\u00bb1\/3&#8243;]<div class=\"q_image_with_text_over\"><div class=\"shader\" ><\/div><img itemprop=\"image\" src=\"https:\/\/fundarte.us\/wp-content\/uploads\/2024\/04\/2.jpg\" alt=\"\" \/><div class=\"text\"><table><tr><td><h2 class=\"caption no_icon\" style=\"\"><\/h2><\/td><\/tr><\/table><table><tr><td><div class=\"desc\"><a href=\"https:\/\/fundarte.us\/fundarte-event\/gcf24\/\"><strong>Global Cuba Fest 2024<\/strong><\/a><\/div><\/td><\/tr><\/table><\/div><\/div><div class=\"q_image_with_text_over\"><div class=\"shader\" ><\/div><img itemprop=\"image\" src=\"https:\/\/fundarte.us\/wp-content\/uploads\/2024\/04\/6.jpg\" alt=\"\" \/><div class=\"text\"><table><tr><td><h2 class=\"caption no_icon\" style=\"\"><\/h2><\/td><\/tr><\/table><table><tr><td><div class=\"desc\"><a href=\"https:\/\/fundarte.us\/fundarte-event\/insectos-y-bicharracos\/\"><strong>Insectos y Bicharracos<\/strong><\/a><\/div><\/td><\/tr><\/table><\/div><\/div><div class=\"q_image_with_text_over\"><div class=\"shader\" ><\/div><img itemprop=\"image\" src=\"https:\/\/fundarte.us\/wp-content\/uploads\/2017\/06\/Global-Cuba-Fest-2016-Ruta.jpg\" alt=\"\" \/><div class=\"text\"><table><tr><td><h2 class=\"caption no_icon\" style=\"\"><\/h2><\/td><\/tr><\/table><table><tr><td><div class=\"desc\"><a href=\"https:\/\/fundarte.us\/wp-admin\/post.php?post=17276&amp;action=edit&amp;lang=en\"><strong>Global Cuba Fest 2016 <\/strong><\/a><\/div><\/td><\/tr><\/table><\/div><\/div>[\/vc_column_inner][\/vc_row_inner][vc_row_inner row_type=\u00bbrow\u00bb type=\u00bbfull_width\u00bb text_align=\u00bbleft\u00bb css_animation=\u00bb\u00bb][vc_column_inner width=\u00bb1\/3&#8243;][\/vc_column_inner][vc_column_inner width=\u00bb1\/3&#8243;][\/vc_column_inner][vc_column_inner width=\u00bb1\/3&#8243;][\/vc_column_inner][\/vc_row_inner][vc_separator type=\u00bbtransparent\u00bb up=\u00bb50&#8243; down=\u00bb0&#8243;][vc_column_text]<\/p>\n<h1 style=\"text-align: center;\">Patrocinadores<\/h1>\n<p>[\/vc_column_text][vc_separator type=\u00bbnormal\u00bb color=\u00bb#e9dcda\u00bb thickness=\u00bb2&#8243; up=\u00bb50&#8243; down=\u00bb34&#8243;]<div class='qode_carousels_holder clearfix'><div class='qode_carousels' data-number-of-visible-items=''><ul class='slides'><li class='item'><div class=\"carousel_item_holder\"><a itemprop='url' href='http:\/\/www.southarts.org' target='_blank'><span class='first_image_holder has_hover_image'><img itemprop=\"image\" src=\"https:\/\/fundarte.us\/wp-content\/uploads\/2020\/10\/South_Arts-color-x-web-222-copy.png\" alt=\"carousel image\" \/><\/span><span class='second_image_holder has_hover_image'><img itemprop=\"image\" src=\"https:\/\/fundarte.us\/wp-content\/uploads\/2020\/10\/South_Arts-color-x-web-333.png\" alt=\"carousel image\" \/><\/span><\/a><\/div><\/li><li class='item'><div class=\"carousel_item_holder\"><a itemprop='url' href='https:\/\/www.arts.gov' target='_blank'><span class='first_image_holder has_hover_image'><img itemprop=\"image\" src=\"https:\/\/fundarte.us\/wp-content\/uploads\/2019\/02\/2018-LogoGRAY-Horizontal.png\" alt=\"carousel image\" \/><\/span><span class='second_image_holder has_hover_image'><img itemprop=\"image\" src=\"https:\/\/fundarte.us\/wp-content\/uploads\/2019\/02\/2018-LogoBW-Horizontal.png\" alt=\"carousel image\" \/><\/span><\/a><\/div><\/li><li class='item'><div class=\"carousel_item_holder\"><a itemprop='url' href='http:\/\/www.knightfoundation.org' target='_blank'><span class='first_image_holder has_hover_image'><img itemprop=\"image\" src=\"https:\/\/fundarte.us\/wp-content\/uploads\/2021\/06\/Knight_Foundation_GREY.png\" alt=\"carousel image\" \/><\/span><span class='second_image_holder has_hover_image'><img itemprop=\"image\" src=\"https:\/\/fundarte.us\/wp-content\/uploads\/2021\/06\/Knight_Foundation_21.png\" alt=\"carousel image\" \/><\/span><\/a><\/div><\/li><li class='item'><div class=\"carousel_item_holder\"><a itemprop='url' href='http:\/\/miamidade.gov' target='_blank'><span class='first_image_holder has_hover_image'><img itemprop=\"image\" src=\"https:\/\/fundarte.us\/wp-content\/uploads\/2017\/09\/MIAMI-DADE-CountyGrayLogo.png\" alt=\"carousel image\" \/><\/span><span class='second_image_holder has_hover_image'><img itemprop=\"image\" src=\"https:\/\/fundarte.us\/wp-content\/uploads\/2017\/09\/MIAMI-DADE-County.png\" alt=\"carousel image\" \/><\/span><\/a><\/div><\/li><li class='item'><div class=\"carousel_item_holder\"><a itemprop='url' href='http:\/\/dos.myflorida.com\/cultural\/' target='_blank'><span class='first_image_holder has_hover_image'><img itemprop=\"image\" src=\"https:\/\/fundarte.us\/wp-content\/uploads\/2021\/07\/Division-of-Arts-and-Culutre-Gray.png\" alt=\"carousel image\" \/><\/span><span class='second_image_holder has_hover_image'><img itemprop=\"image\" src=\"https:\/\/fundarte.us\/wp-content\/uploads\/2021\/07\/Division-of-Art-and-Culutre-x-web-color-1.png\" alt=\"carousel image\" \/><\/span><\/a><\/div><\/li><li class='item'><div class=\"carousel_item_holder\"><a itemprop='url' href='http:\/\/www.midatlanticarts.org\/' target='_blank'><span class='first_image_holder has_hover_image'><img itemprop=\"image\" src=\"https:\/\/fundarte.us\/wp-content\/uploads\/2017\/09\/MidAtlanticGrayLogo.png\" alt=\"carousel image\" \/><\/span><span class='second_image_holder has_hover_image'><img itemprop=\"image\" src=\"https:\/\/fundarte.us\/wp-content\/uploads\/2017\/09\/MidAtlantic.png\" alt=\"carousel image\" \/><\/span><\/a><\/div><\/li><li class='item'><div class=\"carousel_item_holder\"><a itemprop='url' href='http:\/\/www.apap365.org\/Pages\/APAP365.aspx' target='_blank'><span class='first_image_holder has_hover_image'><img itemprop=\"image\" src=\"https:\/\/fundarte.us\/wp-content\/uploads\/2017\/05\/APAP-GRAY-WEB-e1494976830615.png\" alt=\"carousel image\" \/><\/span><span class='second_image_holder has_hover_image'><img itemprop=\"image\" src=\"https:\/\/fundarte.us\/wp-content\/uploads\/2017\/05\/APAP-COLOR-WEB.png\" alt=\"carousel image\" \/><\/span><\/a><\/div><\/li><li class='item'><div class=\"carousel_item_holder\"><a itemprop='url' href='http:\/\/www.accioncultural.es\/es\/progPICE' target='_blank'><span class='first_image_holder has_hover_image'><img itemprop=\"image\" src=\"https:\/\/fundarte.us\/wp-content\/uploads\/2017\/09\/ACE-Gray-Logo-WEB.png\" alt=\"carousel image\" \/><\/span><span class='second_image_holder has_hover_image'><img itemprop=\"image\" src=\"https:\/\/fundarte.us\/wp-content\/uploads\/2017\/09\/ACE-Logo-WEB.png\" alt=\"carousel image\" \/><\/span><\/a><\/div><\/li><li class='item'><div class=\"carousel_item_holder\"><a itemprop='url' href='https:\/\/www.miamidadecountyauditorium.org\/' target='_blank'><span class='first_image_holder has_hover_image'><img itemprop=\"image\" src=\"https:\/\/fundarte.us\/wp-content\/uploads\/2017\/09\/Miami-Dade-County-AuditoriumGrayLogo.png\" alt=\"carousel image\" \/><\/span><span class='second_image_holder has_hover_image'><img itemprop=\"image\" src=\"https:\/\/fundarte.us\/wp-content\/uploads\/2017\/09\/Miami-Dade-County-Auditorium.png\" alt=\"carousel image\" \/><\/span><\/a><\/div><\/li><li class='item'><div class=\"carousel_item_holder\"><a itemprop='url' href='http:\/\/www.miamibeachfl.gov\/' target='_blank'><span class='first_image_holder has_hover_image'><img itemprop=\"image\" src=\"https:\/\/fundarte.us\/wp-content\/uploads\/2020\/09\/MiamiBeachg-x-web.png\" alt=\"carousel image\" \/><\/span><span class='second_image_holder has_hover_image'><img itemprop=\"image\" src=\"https:\/\/fundarte.us\/wp-content\/uploads\/2020\/09\/MiamiBeachLogoGreen-color-x-web-.png\" alt=\"carousel image\" \/><\/span><\/a><\/div><\/li><li class='item'><div class=\"carousel_item_holder\"><a itemprop='url' href='http:\/\/www.fundacionsgae.org\/en-EN\/SitePages\/Inicio.aspx' target='_blank'><span class='first_image_holder has_hover_image'><img itemprop=\"image\" src=\"https:\/\/fundarte.us\/wp-content\/uploads\/2018\/01\/SGAE-Gray-WEB.png\" alt=\"carousel image\" \/><\/span><span class='second_image_holder has_hover_image'><img itemprop=\"image\" src=\"https:\/\/fundarte.us\/wp-content\/uploads\/2018\/01\/SGAE-WEB.png\" alt=\"carousel image\" \/><\/span><\/a><\/div><\/li><li class='item'><div class=\"carousel_item_holder\"><a itemprop='url' href='http:\/\/www.flamencofestival.org\/' target='_blank'><span class='first_image_holder has_hover_image'><img itemprop=\"image\" src=\"https:\/\/fundarte.us\/wp-content\/uploads\/2018\/01\/Flamenco-Festival-Gray-WEB.png\" alt=\"carousel image\" \/><\/span><span class='second_image_holder has_hover_image'><img itemprop=\"image\" src=\"https:\/\/fundarte.us\/wp-content\/uploads\/2018\/01\/Flamenco-Festival-WEB.png\" alt=\"carousel image\" \/><\/span><\/a><\/div><\/li><li class='item'><div class=\"carousel_item_holder\"><a itemprop='url' href='https:\/\/www.steinway.com\/' target='_blank'><span class='first_image_holder has_hover_image'><img itemprop=\"image\" src=\"https:\/\/fundarte.us\/wp-content\/uploads\/2018\/02\/Steinway-Sons-Grey.png\" alt=\"carousel image\" \/><\/span><span class='second_image_holder has_hover_image'><img itemprop=\"image\" src=\"https:\/\/fundarte.us\/wp-content\/uploads\/2018\/02\/Steinway-Sons.png\" alt=\"carousel image\" \/><\/span><\/a><\/div><\/li><li class='item'><div class=\"carousel_item_holder\"><a itemprop='url' href='https:\/\/www.miamiartguide.com\/' target='_blank'><span class='first_image_holder has_hover_image'><img itemprop=\"image\" src=\"https:\/\/fundarte.us\/wp-content\/uploads\/2019\/10\/MAG-Gray-logo.png\" alt=\"carousel image\" \/><\/span><span class='second_image_holder has_hover_image'><img itemprop=\"image\" src=\"https:\/\/fundarte.us\/wp-content\/uploads\/2019\/10\/MAG.png\" alt=\"carousel image\" \/><\/span><\/a><\/div><\/li><li class='item'><div class=\"carousel_item_holder\"><a itemprop='url' href='https:\/\/mellon.org\/' target='_blank'><span class='first_image_holder has_hover_image'><img itemprop=\"image\" src=\"https:\/\/fundarte.us\/wp-content\/uploads\/2020\/10\/The-Andrew-W.-Mellon-Foundation-WEB-BW.png\" alt=\"carousel image\" \/><\/span><span class='second_image_holder has_hover_image'><img itemprop=\"image\" src=\"https:\/\/fundarte.us\/wp-content\/uploads\/2020\/10\/The-Andrew-W.-Mellon-Foundation-WEB.png\" alt=\"carousel image\" \/><\/span><\/a><\/div><\/li><\/ul><\/div><\/div>[vc_separator type=\u00bbtransparent\u00bb thickness=\u00bb2&#8243; down=\u00bb50&#8243;][vc_column_text]<\/p>\n<h4 class=\"style10\">\u00a1Gracias a nuestros patrocinadores! FUNDarte est\u00e1 excepcionalmente agradecida por el generoso y continuo apoyo prestado, sin el cual nuestra temporada no ser\u00eda posible.<\/h4>\n<p>[\/vc_column_text][vc_separator type=\u00bbtransparent\u00bb thickness=\u00bb2&#8243; down=\u00bb50&#8243;][\/vc_column][\/vc_row]<\/p>\n<\/div>","protected":false},"excerpt":{"rendered":"<p>[vc_row css_animation=\u00bb\u00bb row_type=\u00bbrow\u00bb use_row_as_full_screen_section=\u00bbno\u00bb type=\u00bbgrid\u00bb angled_section=\u00bbno\u00bb text_align=\u00bbleft\u00bb background_image_as_pattern=\u00bbwithout_pattern\u00bb][vc_column][vc_empty_space][rev_slider_vc alias=\u00bbslider-1&#8243;][vc_separator type=\u00bbnormal\u00bb color=\u00bb#e9dcda\u00bb thickness=\u00bb2&#8243; up=\u00bb40&#8243; down=\u00bb34&#8243;][vc_column_text] FUNDarte [\/vc_column_text][vc_separator type=\u00bbtransparent\u00bb down=\u00bb30&#8243;][vc_column_text] FUNDarte es una incubadora cultural con sede en Miami que vincula a nuestra comunidad con el mundo. Cada a\u00f1o, presentamos una serie de conciertos, obras de teatro,&#8230;<\/p>\n","protected":false},"author":1,"featured_media":0,"parent":0,"menu_order":164,"comment_status":"closed","ping_status":"closed","template":"","meta":{"footnotes":""},"categories":[],"class_list":["post-22762","page","type-page","status-publish","hentry"],"_links":{"self":[{"href":"https:\/\/fundarte.us\/es\/wp-json\/wp\/v2\/pages\/22762","targetHints":{"allow":["GET"]}}],"collection":[{"href":"https:\/\/fundarte.us\/es\/wp-json\/wp\/v2\/pages"}],"about":[{"href":"https:\/\/fundarte.us\/es\/wp-json\/wp\/v2\/types\/page"}],"author":[{"embeddable":true,"href":"https:\/\/fundarte.us\/es\/wp-json\/wp\/v2\/users\/1"}],"replies":[{"embeddable":true,"href":"https:\/\/fundarte.us\/es\/wp-json\/wp\/v2\/comments?post=22762"}],"version-history":[{"count":6,"href":"https:\/\/fundarte.us\/es\/wp-json\/wp\/v2\/pages\/22762\/revisions"}],"predecessor-version":[{"id":24308,"href":"https:\/\/fundarte.us\/es\/wp-json\/wp\/v2\/pages\/22762\/revisions\/24308"}],"wp:attachment":[{"href":"https:\/\/fundarte.us\/es\/wp-json\/wp\/v2\/media?parent=22762"}],"wp:term":[{"taxonomy":"category","embeddable":true,"href":"https:\/\/fundarte.us\/es\/wp-json\/wp\/v2\/categories?post=22762"}],"curies":[{"name":"wp","href":"https:\/\/api.w.org\/{rel}","templated":true}]}}